{"id":1960,"date":"2024-07-10T16:45:39","date_gmt":"2024-07-10T13:45:39","guid":{"rendered":"https:\/\/projektit.gtk.fi\/smarttest\/?page_id=1960"},"modified":"2025-04-14T14:33:19","modified_gmt":"2025-04-14T11:33:19","slug":"ajankohtaista","status":"publish","type":"page","link":"https:\/\/projektit.gtk.fi\/smarttest\/ajankohtaista\/","title":{"rendered":"Ajankohtaista"},"content":{"rendered":"<div class=\"fusion-fullwidth fullwidth-box fusion-builder-row-1 fusion-flex-container has-pattern-background has-mask-background nonhundred-percent-fullwidth non-hundred-percent-height-scrolling\" style=\"--awb-border-radius-top-left:0px;--awb-border-radius-top-right:0px;--awb-border-radius-bottom-right:0px;--awb-border-radius-bottom-left:0px;--awb-padding-right-small:30px;--awb-padding-left-small:30px;--awb-flex-wrap:wrap;\" ><div class=\"fusion-builder-row fusion-row fusion-flex-align-items-flex-start fusion-flex-content-wrap\" style=\"max-width:1664px;margin-left: calc(-4% \/ 2 );margin-right: calc(-4% \/ 2 );\"><div class=\"fusion-layout-column fusion_builder_column fusion-builder-column-0 fusion_builder_column_1_1 1_1 fusion-flex-column\" style=\"--awb-bg-size:cover;--awb-width-large:100%;--awb-margin-top-large:0px;--awb-spacing-right-large:1.92%;--awb-margin-bottom-large:20px;--awb-spacing-left-large:1.92%;--awb-width-medium:100%;--awb-order-medium:0;--awb-spacing-right-medium:1.92%;--awb-spacing-left-medium:1.92%;--awb-width-small:100%;--awb-order-small:0;--awb-spacing-right-small:1.92%;--awb-spacing-left-small:1.92%;\"><div class=\"fusion-column-wrapper fusion-column-has-shadow fusion-flex-justify-content-flex-start fusion-content-layout-column\"><div class=\"fusion-title title fusion-title-1 fusion-sep-none fusion-title-text fusion-title-size-one\"><h1 class=\"fusion-title-heading title-heading-left fusion-responsive-typography-calculated\" style=\"margin:0;--fontSize:38;line-height:1.26;\"><h1>Ajankohtaista<\/h1><\/h1><\/div><\/div><\/div><div class=\"fusion-layout-column fusion_builder_column fusion-builder-column-1 fusion_builder_column_1_2 1_2 fusion-flex-column\" style=\"--awb-padding-right:80px;--awb-padding-right-small:0px;--awb-padding-bottom-small:40px;--awb-padding-left-small:0px;--awb-bg-size:cover;--awb-border-color:#e5e5e5;--awb-border-bottom:2px;--awb-border-style:solid;--awb-width-large:50%;--awb-margin-top-large:0px;--awb-spacing-right-large:3.84%;--awb-margin-bottom-large:20px;--awb-spacing-left-large:3.84%;--awb-width-medium:50%;--awb-order-medium:0;--awb-spacing-right-medium:3.84%;--awb-spacing-left-medium:3.84%;--awb-width-small:100%;--awb-order-small:0;--awb-spacing-right-small:1.92%;--awb-spacing-left-small:1.92%;\"><div class=\"fusion-column-wrapper fusion-column-has-shadow fusion-flex-justify-content-flex-start fusion-content-layout-column\"><div class=\"fusion-text fusion-text-1\"><p><a href=\"https:\/\/www.epse.fi\/gtk-smarttest\/\"><strong>EPSE testaamassa rikastushiekan k\u00e4sittely\u00e4 GTK:n SMARTTEST-hankkeessa<\/strong><\/a><\/p>\n<\/div><div class=\"fusion-text fusion-text-2\"><p><a href=\"https:\/\/www.gtk.fi\/en\/current\/smart-field-testing-platform-and-concept-improves-management-of-the-long-term-behaviour-of-extractive-waste\/\"><strong>Smart Field-Testing Platform and Concept Improves Management of the Long-Term Behavior of Extractive Waste<\/strong><\/a><\/p>\n<\/div><div class=\"fusion-text fusion-text-3\"><p><a href=\"https:\/\/www.gtk.fi\/tutkimusprojekti\/smarttest-alykas-kiertotalouden-kenttatestausalusta-kaivannaisjatteille-ja-sivuvirroille\/\"><strong>SMARTTEST \u2013 \u00c4lyk\u00e4s kiertotalouden kentt\u00e4testausalusta kaivannaisj\u00e4tteille ja sivuvirroille<\/strong><\/a><\/p>\n<\/div><div class=\"fusion-text fusion-text-4\"><p><a href=\"https:\/\/www.gtk.fi\/en\/research-project\/smarttest-smart-circular-economy-field-testing-facility-for-extractive-waste-and-side-streams\/\"><strong>SMARTTEST \u2013 Smart Circular Economy Field Testing Facility for Extractive Waste and Side Streams<\/strong><\/a><\/p>\n<\/div><div class=\"fusion-text fusion-text-5\"><p><a href=\"https:\/\/www.gtk.fi\/ajankohtaista\/kaivannaisjatteiden-pitkaaikaiskayttaytymisen-hallintaa-parannetaan-alykkaalla-kenttatestausalustalla-ja-konseptilla\/\"><strong>Kaivannaisj\u00e4tteiden pitk\u00e4aikaisk\u00e4ytt\u00e4ytymisen hallintaa parannetaan \u00e4lykk\u00e4\u00e4ll\u00e4 kentt\u00e4testausalustalla ja -konseptilla<\/strong><\/a><\/p>\n<\/div><div class=\"fusion-text fusion-text-6\"><p><a href=\"https:\/\/www.gtk.fi\/en\/current\/field-testing-of-extractive-waste-and-the-innovation-platform-for-sustainable-mineral-economics-at-the-geological-survey-of-finland-receives-3-3-me-in-funding\/\"><strong>Field Testing of Extractive Waste and the Innovation Platform for Sustainable Mineral Economics at the Geological Survey of Finland Receives 3.3 M\u20ac in Funding<\/strong><\/a><\/p>\n<\/div><div class=\"fusion-text fusion-text-7\"><p><a href=\"https:\/\/www.gtk.fi\/tutkimusprojekti\/kestavan-mineraalitalouden-innovaatioalusta-minecoin\/\"><strong>Kest\u00e4v\u00e4n mineraalitalouden innovaatioalusta MINECOIN<\/strong><\/a><\/p>\n<\/div><div class=\"fusion-text fusion-text-8\"><p><a href=\"https:\/\/pohjois-karjala.fi\/2023\/10\/kehittamishankkeisiin-kaytettavissa-runsaat-26-miljoonaa-euroa-vuonna-2024\/\"><strong>Kehitt\u00e4mishankkeisiin k\u00e4ytett\u00e4viss\u00e4 runsaat 26 miljoonaa euroa vuonna 2024<\/strong><\/a><\/p>\n<\/div><\/div><\/div><div class=\"fusion-layout-column fusion_builder_column fusion-builder-column-2 fusion_builder_column_1_4 1_4 fusion-flex-column\" style=\"--awb-bg-size:cover;--awb-border-color:#ededed;--awb-border-bottom:2px;--awb-border-style:solid;--awb-width-large:25%;--awb-margin-top-large:0px;--awb-spacing-right-large:7.68%;--awb-margin-bottom-large:20px;--awb-spacing-left-large:7.68%;--awb-width-medium:25%;--awb-order-medium:0;--awb-spacing-right-medium:7.68%;--awb-spacing-left-medium:7.68%;--awb-width-small:100%;--awb-order-small:0;--awb-margin-top-small:20px;--awb-spacing-right-small:1.92%;--awb-spacing-left-small:1.92%;\"><div class=\"fusion-column-wrapper fusion-column-has-shadow fusion-flex-justify-content-flex-start fusion-content-layout-column\"><iframe src=\"https:\/\/www.linkedin.com\/embed\/feed\/update\/urn:li:share:7260617185696342016\" height=\"300\" width=\"300\" frameborder=\"0\" allowfullscreen=\"\" title=\"Embedded post\"><\/iframe><\/div><\/div><\/div><\/div>\n","protected":false},"excerpt":{"rendered":"","protected":false},"author":20,"featured_media":0,"parent":0,"menu_order":0,"comment_status":"closed","ping_status":"closed","template":"","meta":{"_acf_changed":false,"_relevanssi_hide_post":"","_relevanssi_hide_content":"","_relevanssi_pin_for_all":"","_relevanssi_pin_keywords":"","_relevanssi_unpin_keywords":"","_relevanssi_related_keywords":"","_relevanssi_related_include_ids":"","_relevanssi_related_exclude_ids":"","_relevanssi_related_no_append":"","_relevanssi_related_not_related":"","_relevanssi_related_posts":"","_relevanssi_noindex_reason":"","inline_featured_image":false,"footnotes":""},"class_list":["post-1960","page","type-page","status-publish","hentry"],"acf":[],"lang":false,"translations":[],"_links":{"self":[{"href":"https:\/\/projektit.gtk.fi\/smarttest\/wp-json\/wp\/v2\/pages\/1960","targetHints":{"allow":["GET"]}}],"collection":[{"href":"https:\/\/projektit.gtk.fi\/smarttest\/wp-json\/wp\/v2\/pages"}],"about":[{"href":"https:\/\/projektit.gtk.fi\/smarttest\/wp-json\/wp\/v2\/types\/page"}],"author":[{"embeddable":true,"href":"https:\/\/projektit.gtk.fi\/smarttest\/wp-json\/wp\/v2\/users\/20"}],"replies":[{"embeddable":true,"href":"https:\/\/projektit.gtk.fi\/smarttest\/wp-json\/wp\/v2\/comments?post=1960"}],"version-history":[{"count":19,"href":"https:\/\/projektit.gtk.fi\/smarttest\/wp-json\/wp\/v2\/pages\/1960\/revisions"}],"predecessor-version":[{"id":2296,"href":"https:\/\/projektit.gtk.fi\/smarttest\/wp-json\/wp\/v2\/pages\/1960\/revisions\/2296"}],"wp:attachment":[{"href":"https:\/\/projektit.gtk.fi\/smarttest\/wp-json\/wp\/v2\/media?parent=1960"}],"curies":[{"name":"wp","href":"https:\/\/api.w.org\/{rel}","templated":true}]}}