{"id":135,"date":"2022-04-08T10:41:04","date_gmt":"2022-04-08T09:41:04","guid":{"rendered":"https:\/\/dronesom.com\/projects\/?page_id=2"},"modified":"2025-02-06T10:36:41","modified_gmt":"2025-02-06T08:36:41","slug":"sample-page-2","status":"publish","type":"page","link":"https:\/\/projektit.gtk.fi\/smarttest\/","title":{"rendered":"Yleisesittely"},"content":{"rendered":"<p><div class=\"fusion-fullwidth fullwidth-box fusion-builder-row-1 fusion-flex-container has-pattern-background has-mask-background nonhundred-percent-fullwidth non-hundred-percent-height-scrolling\" style=\"--awb-border-radius-top-left:0px;--awb-border-radius-top-right:0px;--awb-border-radius-bottom-right:0px;--awb-border-radius-bottom-left:0px;--awb-padding-right-small:30px;--awb-padding-left-small:30px;--awb-margin-top:30px;--awb-flex-wrap:wrap;\" ><div class=\"fusion-builder-row fusion-row fusion-flex-align-items-flex-start fusion-flex-content-wrap\" style=\"max-width:1664px;margin-left: calc(-4% \/ 2 );margin-right: calc(-4% \/ 2 );\"><div class=\"fusion-layout-column fusion_builder_column fusion-builder-column-0 fusion_builder_column_1_2 1_2 fusion-flex-column\" style=\"--awb-bg-size:cover;--awb-width-large:50%;--awb-margin-top-large:0px;--awb-spacing-right-large:3.84%;--awb-margin-bottom-large:20px;--awb-spacing-left-large:3.84%;--awb-width-medium:50%;--awb-order-medium:0;--awb-spacing-right-medium:3.84%;--awb-spacing-left-medium:3.84%;--awb-width-small:100%;--awb-order-small:0;--awb-spacing-right-small:1.92%;--awb-spacing-left-small:1.92%;\"><div class=\"fusion-column-wrapper fusion-column-has-shadow fusion-flex-justify-content-flex-start fusion-content-layout-column\"><div class=\"fusion-title title fusion-title-1 fusion-sep-none fusion-title-text fusion-title-size-two\" style=\"--awb-margin-top:0px;--awb-margin-bottom:0px;\"><h2 class=\"fusion-title-heading title-heading-left fusion-responsive-typography-calculated\" style=\"margin:0;--fontSize:29;line-height:1.26;\"><h2><span style=\"color: #195c98\">SMARTTEST<\/span> &#8211; \u00c4lyk\u00e4s kiertotalouden kentt\u00e4testausalusta kaivannaisj\u00e4tteille ja sivuvirroille<\/h2><\/h2><\/div><\/div><\/div><div class=\"fusion-layout-column fusion_builder_column fusion-builder-column-1 fusion_builder_column_1_2 1_2 fusion-flex-column fusion-flex-align-self-flex-start\" style=\"--awb-bg-size:cover;--awb-width-large:50%;--awb-margin-top-large:0px;--awb-spacing-right-large:3.84%;--awb-margin-bottom-large:20px;--awb-spacing-left-large:3.84%;--awb-width-medium:50%;--awb-order-medium:0;--awb-spacing-right-medium:3.84%;--awb-spacing-left-medium:3.84%;--awb-width-small:100%;--awb-order-small:0;--awb-spacing-right-small:1.92%;--awb-spacing-left-small:1.92%;\"><div class=\"fusion-column-wrapper fusion-column-has-shadow fusion-flex-justify-content-flex-start fusion-content-layout-column\"><div class=\"fusion-title title fusion-title-2 fusion-sep-none fusion-title-text fusion-title-size-three\" style=\"--awb-margin-top:-10px;--awb-margin-bottom:0px;\"><h3 class=\"fusion-title-heading title-heading-left fusion-responsive-typography-calculated\" style=\"margin:0;--fontSize:22;line-height:1.08;\"><h3 style=\"text-align: left\">\u2212 Kaivannaisj\u00e4tteiden hallinnan suunnittelulla kohti kest\u00e4v\u00e4mp\u00e4\u00e4 ja vastuullisempaa kaivostoimintaa \u2212<\/h3><\/h3><\/div><\/div><\/div><\/div><\/div><div class=\"fusion-fullwidth fullwidth-box fusion-builder-row-2 fusion-flex-container has-pattern-background has-mask-background nonhundred-percent-fullwidth non-hundred-percent-height-scrolling\" style=\"--awb-border-radius-top-left:0px;--awb-border-radius-top-right:0px;--awb-border-radius-bottom-right:0px;--awb-border-radius-bottom-left:0px;--awb-padding-right-medium:15px;--awb-padding-left-medium:15px;--awb-padding-right-small:30px;--awb-padding-left-small:30px;--awb-margin-top:30px;--awb-margin-bottom:30px;--awb-flex-wrap:wrap;\" ><div class=\"fusion-builder-row fusion-row fusion-flex-align-items-flex-start fusion-flex-content-wrap\" style=\"max-width:1664px;margin-left: calc(-4% \/ 2 );margin-right: calc(-4% \/ 2 );\"><div class=\"fusion-layout-column fusion_builder_column fusion-builder-column-2 fusion_builder_column_1_2 1_2 fusion-flex-column\" style=\"--awb-padding-right:30px;--awb-bg-size:cover;--awb-width-large:50%;--awb-margin-top-large:0px;--awb-spacing-right-large:3.84%;--awb-margin-bottom-large:20px;--awb-spacing-left-large:3.84%;--awb-width-medium:50%;--awb-order-medium:0;--awb-spacing-right-medium:3.84%;--awb-spacing-left-medium:3.84%;--awb-width-small:100%;--awb-order-small:0;--awb-spacing-right-small:1.92%;--awb-margin-bottom-small:60px;--awb-spacing-left-small:1.92%;\"><div class=\"fusion-column-wrapper fusion-column-has-shadow fusion-flex-justify-content-flex-start fusion-content-layout-column\"><div class=\"fusion-image-element \" style=\"--awb-caption-title-font-family:var(--h2_typography-font-family);--awb-caption-title-font-weight:var(--h2_typography-font-weight);--awb-caption-title-font-style:var(--h2_typography-font-style);--awb-caption-title-size:var(--h2_typography-font-size);--awb-caption-title-transform:var(--h2_typography-text-transform);--awb-caption-title-line-height:var(--h2_typography-line-height);--awb-caption-title-letter-spacing:var(--h2_typography-letter-spacing);\"><span class=\" fusion-imageframe imageframe-dropshadow imageframe-1 hover-type-none\" style=\"border-radius:4px;-webkit-box-shadow: 4px 4px 8px rgba(53,53,53,0.3);box-shadow: 4px 4px 8px rgba(53,53,53,0.3);\"><img decoding=\"async\" width=\"600\" height=\"504\" title=\"DJI_0126 (1)\" src=\"https:\/\/projektit.gtk.fi\/smarttest\/wp-content\/uploads\/sites\/31\/2024\/11\/DJI_0126-1-scaled-e1732799225408-600x504.jpg\" alt class=\"img-responsive wp-image-2069\" srcset=\"https:\/\/projektit.gtk.fi\/smarttest\/wp-content\/uploads\/sites\/31\/2024\/11\/DJI_0126-1-scaled-e1732799225408-200x168.jpg 200w, https:\/\/projektit.gtk.fi\/smarttest\/wp-content\/uploads\/sites\/31\/2024\/11\/DJI_0126-1-scaled-e1732799225408-400x336.jpg 400w, https:\/\/projektit.gtk.fi\/smarttest\/wp-content\/uploads\/sites\/31\/2024\/11\/DJI_0126-1-scaled-e1732799225408-600x504.jpg 600w, https:\/\/projektit.gtk.fi\/smarttest\/wp-content\/uploads\/sites\/31\/2024\/11\/DJI_0126-1-scaled-e1732799225408-800x671.jpg 800w, https:\/\/projektit.gtk.fi\/smarttest\/wp-content\/uploads\/sites\/31\/2024\/11\/DJI_0126-1-scaled-e1732799225408-1200x1007.jpg 1200w\" sizes=\"(max-width: 640px) 100vw, 800px\" \/><\/span><\/div><\/div><\/div><div class=\"fusion-layout-column fusion_builder_column fusion-builder-column-3 fusion_builder_column_1_2 1_2 fusion-flex-column\" style=\"--awb-bg-size:cover;--awb-width-large:50%;--awb-margin-top-large:-10px;--awb-spacing-right-large:3.84%;--awb-margin-bottom-large:20px;--awb-spacing-left-large:3.84%;--awb-width-medium:50%;--awb-order-medium:0;--awb-spacing-right-medium:3.84%;--awb-spacing-left-medium:3.84%;--awb-width-small:100%;--awb-order-small:0;--awb-spacing-right-small:1.92%;--awb-spacing-left-small:1.92%;\"><div class=\"fusion-column-wrapper fusion-column-has-shadow fusion-flex-justify-content-flex-start fusion-content-layout-column\"><div class=\"fusion-text fusion-text-1\" style=\"--awb-text-transform:none;--awb-margin-left:-20px;\"><h6>Kaivannaisj\u00e4tteet ovat yksi suurimpia teollisuuden sivuvirtoja ja suurin j\u00e4tevirta Suomessa. J\u00e4tteiden hallinta on keskeinen kysymys kaivosten ymp\u00e4rist\u00f6turvallisuudessa, yhteiskunnallisessa hyv\u00e4ksytt\u00e4vyydess\u00e4 ja taloudellisessa kannattavuudessa. Kaivannaisj\u00e4tteisiin liittyy my\u00f6s merkitt\u00e4v\u00e4 kiertotalouspotentiaali ja niiden hallinnassa voidaan hy\u00f6dynt\u00e4\u00e4 my\u00f6s muita kiertotalousmateriaaleja.<\/h6>\n<h6>SMARTTEST-hanke kehitt\u00e4\u00e4 \u00e4lykk\u00e4\u00e4n kentt\u00e4testausalustan ja -konseptin, joiden avulla kiertotalouden ja kaivannaisj\u00e4tteiden hallinnan ratkaisuja voidaan tutkia pitk\u00e4aikaisissa kentt\u00e4testeiss\u00e4 jo mineraalien prosessoinnin suunnittelun yhteydess\u00e4.<\/h6>\n<h6>Hankkeen tulokset hy\u00f6dytt\u00e4v\u00e4t ennen kaikkea kaivannaisteollisuutta, joka haluaa edist\u00e4\u00e4 liiketoiminnassaan kiertotaloutta ja v\u00e4h\u00e4p\u00e4\u00e4st\u00f6isyytt\u00e4. Lis\u00e4ksi hanke tukee alueellisen TKI-toiminnan vahvistumista, elinkeinoel\u00e4m\u00e4n kasvua ja maakunnan kansainv\u00e4listymist\u00e4. P\u00e4\u00e4toteuttaja Geologian tutkimuskeskuksella on pitk\u00e4aikaista kokemusta kaivosymp\u00e4rist\u00f6\u00f6n ja mineraalikiertotalouden ratkaisuihin liittyv\u00e4st\u00e4 tieteellisest\u00e4 tutkimuksesta ja asiakasratkaisuista.<\/h6>\n<\/div><\/div><\/div><\/div><\/div><div class=\"fusion-fullwidth fullwidth-box fusion-builder-row-3 fusion-flex-container has-pattern-background has-mask-background nonhundred-percent-fullwidth non-hundred-percent-height-scrolling\" style=\"--awb-border-radius-top-left:0px;--awb-border-radius-top-right:0px;--awb-border-radius-bottom-right:0px;--awb-border-radius-bottom-left:0px;--awb-padding-right-medium:15px;--awb-padding-left-medium:15px;--awb-padding-right-small:8px;--awb-padding-left-small:8px;--awb-flex-wrap:wrap;\" ><div class=\"fusion-builder-row fusion-row fusion-flex-align-items-flex-start fusion-flex-content-wrap\" style=\"max-width:1664px;margin-left: calc(-4% \/ 2 );margin-right: calc(-4% \/ 2 );\"><div class=\"fusion-layout-column fusion_builder_column fusion-builder-column-4 fusion_builder_column_1_1 1_1 fusion-flex-column\" style=\"--awb-bg-size:cover;--awb-width-large:100%;--awb-margin-top-large:0px;--awb-spacing-right-large:1.92%;--awb-margin-bottom-large:20px;--awb-spacing-left-large:1.92%;--awb-width-medium:100%;--awb-order-medium:0;--awb-spacing-right-medium:1.92%;--awb-spacing-left-medium:1.92%;--awb-width-small:100%;--awb-order-small:0;--awb-spacing-right-small:1.92%;--awb-spacing-left-small:1.92%;\"><div class=\"fusion-column-wrapper fusion-column-has-shadow fusion-flex-justify-content-flex-start fusion-content-layout-column\"><div class=\"fusion-separator fusion-full-width-sep\" style=\"align-self: center;margin-left: auto;margin-right: auto;width:100%;\"><div class=\"fusion-separator-border sep-single sep-solid\" style=\"--awb-height:20px;--awb-amount:20px;--awb-sep-color:#e7e7e7;border-color:#e7e7e7;border-top-width:1px;\"><\/div><\/div><\/div><\/div><\/div><\/div><div class=\"fusion-fullwidth fullwidth-box fusion-builder-row-4 fusion-flex-container has-pattern-background has-mask-background nonhundred-percent-fullwidth non-hundred-percent-height-scrolling\" style=\"--awb-border-radius-top-left:0px;--awb-border-radius-top-right:0px;--awb-border-radius-bottom-right:0px;--awb-border-radius-bottom-left:0px;--awb-padding-top:40px;--awb-padding-bottom:35px;--awb-padding-right-medium:15px;--awb-padding-left-medium:15px;--awb-padding-right-small:30px;--awb-padding-left-small:30px;--awb-flex-wrap:wrap;\" ><div class=\"fusion-builder-row fusion-row fusion-flex-align-items-flex-start fusion-flex-content-wrap\" style=\"max-width:1664px;margin-left: calc(-4% \/ 2 );margin-right: calc(-4% \/ 2 );\"><div class=\"fusion-layout-column fusion_builder_column fusion-builder-column-5 fusion_builder_column_1_2 1_2 fusion-flex-column\" style=\"--awb-bg-size:cover;--awb-width-large:50%;--awb-margin-top-large:-25px;--awb-spacing-right-large:3.84%;--awb-margin-bottom-large:20px;--awb-spacing-left-large:3.84%;--awb-width-medium:50%;--awb-order-medium:0;--awb-spacing-right-medium:3.84%;--awb-spacing-left-medium:3.84%;--awb-width-small:100%;--awb-order-small:0;--awb-spacing-right-small:1.92%;--awb-margin-bottom-small:-50px;--awb-spacing-left-small:1.92%;\"><div class=\"fusion-column-wrapper fusion-column-has-shadow fusion-flex-justify-content-flex-start fusion-content-layout-column\"><div class=\"fusion-title title fusion-title-3 fusion-sep-none fusion-title-text fusion-title-size-one\" style=\"--awb-margin-top:0px;\"><h1 class=\"fusion-title-heading title-heading-left fusion-responsive-typography-calculated\" style=\"margin:0;--fontSize:38;line-height:1.26;\"><h1>Hankkeen tavoitteet<\/h1><\/h1><\/div><div class=\"fusion-text fusion-text-2\"><p>1. Kehitt\u00e4\u00e4 kaivannaisj\u00e4tteille ja sivuvirroille \u00e4lyk\u00e4s kentt\u00e4testausalusta ja -konsepti, jotka mahdollistavat kaivannaisj\u00e4tteiden pitk\u00e4aikaisk\u00e4ytt\u00e4ytymisen ja hallintaratkaisujen kustannustehokkaan ja toistettavan testaamisen jo varhaisessa vaiheessa kaivostoiminnan elinkaarta.<\/p>\n<\/div><div class=\"fusion-text fusion-text-3\" style=\"--awb-margin-top:10px;\"><p>2. Lis\u00e4t\u00e4 materiaalien testaamisen my\u00f6t\u00e4 sivuvirtojen ja kaivannaisj\u00e4tteiden hy\u00f6tyk\u00e4ytt\u00f6\u00e4 kaivannaisteollisuudessa osana kaivannaisj\u00e4tteiden hallintarakenteita, v\u00e4hent\u00e4en neitseellisten materiaalien tarvetta.<\/p>\n<\/div><div class=\"fusion-text fusion-text-4\" style=\"--awb-margin-top:10px;\"><p>3. Parantaa kaivannaisteollisuuden kustannustehokkuutta ja kest\u00e4vyytt\u00e4 sek\u00e4 v\u00e4hent\u00e4\u00e4 ymp\u00e4rist\u00f6p\u00e4\u00e4st\u00f6j\u00e4 edist\u00e4m\u00e4ll\u00e4 uusien puhtaampien l\u00e4jitystekniikoiden k\u00e4ytt\u00f6\u00f6nottoa sek\u00e4 kehitt\u00e4m\u00e4ll\u00e4 ja pilotoimalla kaivannaisj\u00e4tteiden l\u00e4jitys- ja hallintaratkaisuja<\/p>\n<\/div><div class=\"fusion-title title fusion-title-4 fusion-sep-none fusion-title-text fusion-title-size-four\" style=\"--awb-margin-top:0px;\"><h4 class=\"fusion-title-heading title-heading-left fusion-responsive-typography-calculated\" style=\"margin:0;--fontSize:18;line-height:1.22;\"><h3>Toteutusaika: 1.12.2023-30.11.2026<\/h3><\/h4><\/div><\/div><\/div><div class=\"fusion-layout-column fusion_builder_column fusion-builder-column-6 fusion_builder_column_1_2 1_2 fusion-flex-column\" style=\"--awb-bg-size:cover;--awb-width-large:50%;--awb-margin-top-large:95px;--awb-spacing-right-large:3.84%;--awb-margin-bottom-large:20px;--awb-spacing-left-large:3.84%;--awb-width-medium:50%;--awb-order-medium:0;--awb-spacing-right-medium:3.84%;--awb-spacing-left-medium:3.84%;--awb-width-small:100%;--awb-order-small:0;--awb-spacing-right-small:1.92%;--awb-spacing-left-small:1.92%;\"><div class=\"fusion-column-wrapper fusion-column-has-shadow fusion-flex-justify-content-flex-start fusion-content-layout-column\"><div class=\"fusion-image-element \" style=\"--awb-caption-title-font-family:var(--h2_typography-font-family);--awb-caption-title-font-weight:var(--h2_typography-font-weight);--awb-caption-title-font-style:var(--h2_typography-font-style);--awb-caption-title-size:var(--h2_typography-font-size);--awb-caption-title-transform:var(--h2_typography-text-transform);--awb-caption-title-line-height:var(--h2_typography-line-height);--awb-caption-title-letter-spacing:var(--h2_typography-letter-spacing);\"><span class=\" fusion-imageframe imageframe-dropshadow imageframe-2 hover-type-none\" style=\"border-radius:4px;-webkit-box-shadow: 4px 4px 8px rgba(53,53,53,0.3);box-shadow: 4px 4px 8px rgba(53,53,53,0.3);\"><img decoding=\"async\" width=\"600\" height=\"450\" title=\"DJI_0069 (1)\" src=\"https:\/\/projektit.gtk.fi\/smarttest\/wp-content\/uploads\/sites\/31\/2024\/11\/DJI_0069-1-600x450.jpg\" alt class=\"img-responsive wp-image-2063\" srcset=\"https:\/\/projektit.gtk.fi\/smarttest\/wp-content\/uploads\/sites\/31\/2024\/11\/DJI_0069-1-200x150.jpg 200w, https:\/\/projektit.gtk.fi\/smarttest\/wp-content\/uploads\/sites\/31\/2024\/11\/DJI_0069-1-400x300.jpg 400w, https:\/\/projektit.gtk.fi\/smarttest\/wp-content\/uploads\/sites\/31\/2024\/11\/DJI_0069-1-600x450.jpg 600w, https:\/\/projektit.gtk.fi\/smarttest\/wp-content\/uploads\/sites\/31\/2024\/11\/DJI_0069-1.jpg 800w\" sizes=\"(max-width: 640px) 100vw, 600px\" \/><\/span><\/div><\/div><\/div><\/div><\/div><div class=\"fusion-fullwidth fullwidth-box fusion-builder-row-5 fusion-flex-container has-pattern-background has-mask-background nonhundred-percent-fullwidth non-hundred-percent-height-scrolling\" style=\"--awb-border-radius-top-left:0px;--awb-border-radius-top-right:0px;--awb-border-radius-bottom-right:0px;--awb-border-radius-bottom-left:0px;--awb-padding-right-small:30px;--awb-padding-left-small:30px;--awb-margin-top:30px;--awb-flex-wrap:wrap;\" ><div class=\"fusion-builder-row fusion-row fusion-flex-align-items-flex-start fusion-flex-content-wrap\" style=\"max-width:1664px;margin-left: calc(-4% \/ 2 );margin-right: calc(-4% \/ 2 );\"><div class=\"fusion-layout-column fusion_builder_column fusion-builder-column-7 fusion_builder_column_1_2 1_2 fusion-flex-column\" style=\"--awb-bg-size:cover;--awb-width-large:50%;--awb-margin-top-large:0px;--awb-spacing-right-large:3.84%;--awb-margin-bottom-large:20px;--awb-spacing-left-large:3.84%;--awb-width-medium:50%;--awb-order-medium:0;--awb-spacing-right-medium:3.84%;--awb-spacing-left-medium:3.84%;--awb-width-small:100%;--awb-order-small:0;--awb-spacing-right-small:1.92%;--awb-spacing-left-small:1.92%;\"><div class=\"fusion-column-wrapper fusion-column-has-shadow fusion-flex-justify-content-flex-start fusion-content-layout-column\"><div class=\"fusion-text fusion-text-5\"><p>Hankkeen toteuttaa Geologian tutkimuskeskus, GTK. Yrityskumppaneina ovat Agnico Eagle Finland Oy, Epse Oy, Fatec Oy, Kemira Oyj, Mawson Oy, NordFuel Oy, Sokli Oy\/Suomen Malmijalostus Oy.<\/p>\n<p>Hanke on yhteisrahoitteinen ja sit\u00e4 rahoittavat EU:n aluekehitysrahasto EAKR (Pohjois-Karjalan maakuntaliitto), yrityskumppanit ja toteuttaja.<\/p>\n<\/div><\/div><\/div><div class=\"fusion-layout-column fusion_builder_column fusion-builder-column-8 fusion_builder_column_1_2 1_2 fusion-flex-column\" style=\"--awb-bg-size:cover;--awb-width-large:50%;--awb-margin-top-large:0px;--awb-spacing-right-large:3.84%;--awb-margin-bottom-large:20px;--awb-spacing-left-large:3.84%;--awb-width-medium:50%;--awb-order-medium:0;--awb-spacing-right-medium:3.84%;--awb-spacing-left-medium:3.84%;--awb-width-small:100%;--awb-order-small:0;--awb-spacing-right-small:1.92%;--awb-spacing-left-small:1.92%;\"><div class=\"fusion-column-wrapper fusion-column-has-shadow fusion-flex-justify-content-flex-start fusion-content-layout-column\"><div class=\"fusion-text fusion-text-6\"><p>SMARTTEST linkittyy tiiviisti JTF-rahoituspohjaiseen MINECOIN (Kest\u00e4v\u00e4n mineraalitalouden innovaatioalusta) -hankkeeseen, jonka vuoksi sivuilla k\u00e4sitell\u00e4\u00e4n molempien hankkeiden ajankohtaisia kuulumisia.<\/p>\n<\/div><\/div><\/div><\/div><\/div><\/p>\n","protected":false},"excerpt":{"rendered":"","protected":false},"author":20,"featured_media":0,"parent":0,"menu_order":0,"comment_status":"closed","ping_status":"closed","template":"","meta":{"_acf_changed":false,"_relevanssi_hide_post":"","_relevanssi_hide_content":"","_relevanssi_pin_for_all":"","_relevanssi_pin_keywords":"","_relevanssi_unpin_keywords":"","_relevanssi_related_keywords":"","_relevanssi_related_include_ids":"","_relevanssi_related_exclude_ids":"","_relevanssi_related_no_append":"","_relevanssi_related_not_related":"","_relevanssi_related_posts":"","_relevanssi_noindex_reason":"","inline_featured_image":false,"footnotes":""},"class_list":["post-135","page","type-page","status-publish","hentry"],"acf":[],"lang":false,"translations":[],"_links":{"self":[{"href":"https:\/\/projektit.gtk.fi\/smarttest\/wp-json\/wp\/v2\/pages\/135","targetHints":{"allow":["GET"]}}],"collection":[{"href":"https:\/\/projektit.gtk.fi\/smarttest\/wp-json\/wp\/v2\/pages"}],"about":[{"href":"https:\/\/projektit.gtk.fi\/smarttest\/wp-json\/wp\/v2\/types\/page"}],"author":[{"embeddable":true,"href":"https:\/\/projektit.gtk.fi\/smarttest\/wp-json\/wp\/v2\/users\/20"}],"replies":[{"embeddable":true,"href":"https:\/\/projektit.gtk.fi\/smarttest\/wp-json\/wp\/v2\/comments?post=135"}],"version-history":[{"count":84,"href":"https:\/\/projektit.gtk.fi\/smarttest\/wp-json\/wp\/v2\/pages\/135\/revisions"}],"predecessor-version":[{"id":2308,"href":"https:\/\/projektit.gtk.fi\/smarttest\/wp-json\/wp\/v2\/pages\/135\/revisions\/2308"}],"wp:attachment":[{"href":"https:\/\/projektit.gtk.fi\/smarttest\/wp-json\/wp\/v2\/media?parent=135"}],"curies":[{"name":"wp","href":"https:\/\/api.w.org\/{rel}","templated":true}]}}