{"id":1546,"date":"2023-08-29T09:36:13","date_gmt":"2023-08-29T06:36:13","guid":{"rendered":"https:\/\/projektit.gtk.fi\/setelit\/?page_id=1546"},"modified":"2023-09-26T16:10:34","modified_gmt":"2023-09-26T13:10:34","slug":"kaivostaytot-ja-flow-loop-testaus","status":"publish","type":"page","link":"https:\/\/projektit.gtk.fi\/setelit\/kaivostaytot-ja-flow-loop-testaus\/","title":{"rendered":"Kaivost\u00e4yt\u00f6t ja Flow Loop testaus"},"content":{"rendered":"<div class=\"fusion-fullwidth fullwidth-box fusion-builder-row-1 fusion-flex-container has-pattern-background has-mask-background nonhundred-percent-fullwidth non-hundred-percent-height-scrolling\" style=\"--awb-border-radius-top-left:0px;--awb-border-radius-top-right:0px;--awb-border-radius-bottom-right:0px;--awb-border-radius-bottom-left:0px;--awb-flex-wrap:wrap;\" ><div class=\"fusion-builder-row fusion-row fusion-flex-align-items-flex-start fusion-flex-content-wrap\" style=\"max-width:1664px;margin-left: calc(-4% \/ 2 );margin-right: calc(-4% \/ 2 );\"><div class=\"fusion-layout-column fusion_builder_column fusion-builder-column-0 fusion_builder_column_1_2 1_2 fusion-flex-column\" style=\"--awb-bg-size:cover;--awb-width-large:50%;--awb-margin-top-large:0px;--awb-spacing-right-large:3.84%;--awb-margin-bottom-large:20px;--awb-spacing-left-large:3.84%;--awb-width-medium:50%;--awb-order-medium:0;--awb-spacing-right-medium:3.84%;--awb-spacing-left-medium:3.84%;--awb-width-small:100%;--awb-order-small:0;--awb-spacing-right-small:1.92%;--awb-spacing-left-small:1.92%;\"><div class=\"fusion-column-wrapper fusion-column-has-shadow fusion-flex-justify-content-flex-start fusion-content-layout-column\"><div class=\"fusion-title title fusion-title-1 fusion-sep-none fusion-title-text fusion-title-size-one\"><h1 class=\"fusion-title-heading title-heading-left fusion-responsive-typography-calculated\" style=\"margin:0;--fontSize:38;line-height:1.26;\"><h1>Kaivost\u00e4ytt\u00f6reseptien optimointi ja Flow Loop testaus<\/h1><\/h1><\/div><div class=\"fusion-text fusion-text-1\"><p>SAVONIA-AMK Oy:n Flow Loop laitteisto on kehitetty reologisesti haastavien nestem\u00e4isten aineiden virtausominaisuuksien tutkimiseen. K\u00e4yt\u00e4nn\u00f6ss\u00e4 t\u00e4ll\u00e4 tarkoitetaan paitsi kaivosteollisuuden pastoja, my\u00f6s esim. erilaisia yhdyskuntien ja teollisuuden lietteit\u00e4, joiden virtausominaisuuksien selvitt\u00e4minen vaatii k\u00e4yt\u00e4nn\u00f6n testausta.<\/p>\n<\/div><div class=\"fusion-separator fusion-full-width-sep\" style=\"align-self: center;margin-left: auto;margin-right: auto;margin-top:20px;width:100%;\"><\/div><div class=\"fusion-title title fusion-title-2 fusion-sep-none fusion-title-text fusion-title-size-one\"><h1 class=\"fusion-title-heading title-heading-left fusion-responsive-typography-calculated\" style=\"margin:0;--fontSize:38;line-height:1.26;\"><h2>Laitteiston p\u00e4ivitt\u00e4minen<\/h2><\/h1><\/div><div class=\"fusion-text fusion-text-2\"><p>Flow Loop testien avulla suunnitellaan optimaaliset kaivost\u00e4ytt\u00f6reseptit, joiden avulla valmistetut seokset saadaan kulkemaan putkia pitkin t\u00e4ytt\u00f6kohteeseen. Flow loop testauspalvelu kehitettiin Kove-Pro projektissa, mutta menetelm\u00e4\u00e4 on kehitett\u00e4v\u00e4 eteenp\u00e4in, jotta testaus on toteutettavissa uudentyyppisille resepteille (uudet sideaineet) tai uusiin ymp\u00e4rist\u00f6ihin (3d-tulostimet). Digitaalisuusn\u00e4k\u00f6kulma mahdollistaa entist\u00e4 paremman datan ker\u00e4\u00e4misen ja hy\u00f6dynt\u00e4misen. K\u00e4yt\u00e4nn\u00f6ss\u00e4 kehitett\u00e4v\u00e4t asiat ovat pumppausalueen laajentaminen, pastan valmistus, virtausmittaus sek\u00e4 syntyv\u00e4n datan ker\u00e4ys.<\/p>\n<\/div><div class=\"fusion-separator fusion-full-width-sep\" style=\"align-self: center;margin-left: auto;margin-right: auto;margin-top:20px;width:100%;\"><\/div><div class=\"fusion-title title fusion-title-3 fusion-sep-none fusion-title-text fusion-title-size-one\"><h1 class=\"fusion-title-heading title-heading-left fusion-responsive-typography-calculated\" style=\"margin:0;--fontSize:38;line-height:1.26;\"><h2>Flow Loopin k\u00e4yt\u00e4nn\u00f6n testit<\/h2><\/h1><\/div><div class=\"fusion-text fusion-text-3\"><p>Projektissa datan ker\u00e4ykseen ja hallintaan tehdyt p\u00e4ivitykset tulee testata ja varmistaa k\u00e4yt\u00e4nn\u00f6n kokein. Tarvittaessa pastat\u00e4yt\u00f6n kulkeutuvuutta parannetaan kemikaalien avulla yhteisty\u00f6ss\u00e4 kemikaalitoimittajan kanssa. Kaivost\u00e4ytt\u00f6reseptien optimointi mahdollisimman v\u00e4h\u00e4hiilisiksi korvaamalla sementti\u00e4 kuonan tai muokatun tuhkan avulla.<\/p>\n<\/div><\/div><\/div><div class=\"fusion-layout-column fusion_builder_column fusion-builder-column-1 fusion_builder_column_1_2 1_2 fusion-flex-column\" style=\"--awb-bg-size:cover;--awb-width-large:50%;--awb-margin-top-large:50px;--awb-spacing-right-large:3.84%;--awb-margin-bottom-large:20px;--awb-spacing-left-large:3.84%;--awb-width-medium:50%;--awb-order-medium:0;--awb-spacing-right-medium:3.84%;--awb-spacing-left-medium:3.84%;--awb-width-small:100%;--awb-order-small:0;--awb-spacing-right-small:1.92%;--awb-spacing-left-small:1.92%;\"><div class=\"fusion-column-wrapper fusion-column-has-shadow fusion-flex-justify-content-flex-start fusion-content-layout-column\"><div class=\"fusion-image-element \" style=\"--awb-caption-title-font-family:var(--h2_typography-font-family);--awb-caption-title-font-weight:var(--h2_typography-font-weight);--awb-caption-title-font-style:var(--h2_typography-font-style);--awb-caption-title-size:var(--h2_typography-font-size);--awb-caption-title-transform:var(--h2_typography-text-transform);--awb-caption-title-line-height:var(--h2_typography-line-height);--awb-caption-title-letter-spacing:var(--h2_typography-letter-spacing);\"><span class=\" fusion-imageframe imageframe-none imageframe-1 hover-type-none\"><img decoding=\"async\" width=\"1432\" height=\"1712\" title=\"Flow loop testing\" src=\"https:\/\/projektit.gtk.fi\/setelit\/wp-content\/uploads\/sites\/26\/2023\/09\/IMG_0251r.jpg\" alt class=\"img-responsive wp-image-1658\" srcset=\"https:\/\/projektit.gtk.fi\/setelit\/wp-content\/uploads\/sites\/26\/2023\/09\/IMG_0251r-200x239.jpg 200w, https:\/\/projektit.gtk.fi\/setelit\/wp-content\/uploads\/sites\/26\/2023\/09\/IMG_0251r-400x478.jpg 400w, https:\/\/projektit.gtk.fi\/setelit\/wp-content\/uploads\/sites\/26\/2023\/09\/IMG_0251r-600x717.jpg 600w, https:\/\/projektit.gtk.fi\/setelit\/wp-content\/uploads\/sites\/26\/2023\/09\/IMG_0251r-800x956.jpg 800w, https:\/\/projektit.gtk.fi\/setelit\/wp-content\/uploads\/sites\/26\/2023\/09\/IMG_0251r-1200x1435.jpg 1200w, https:\/\/projektit.gtk.fi\/setelit\/wp-content\/uploads\/sites\/26\/2023\/09\/IMG_0251r.jpg 1432w\" sizes=\"(max-width: 640px) 100vw, 800px\" \/><\/span><\/div><\/div><\/div><\/div><\/div>\n","protected":false},"excerpt":{"rendered":"","protected":false},"author":20,"featured_media":0,"parent":0,"menu_order":0,"comment_status":"closed","ping_status":"closed","template":"","meta":{"_acf_changed":false,"_relevanssi_hide_post":"","_relevanssi_hide_content":"","_relevanssi_pin_for_all":"","_relevanssi_pin_keywords":"","_relevanssi_unpin_keywords":"","_relevanssi_related_keywords":"","_relevanssi_related_include_ids":"","_relevanssi_related_exclude_ids":"","_relevanssi_related_no_append":"","_relevanssi_related_not_related":"","_relevanssi_related_posts":"","_relevanssi_noindex_reason":"","inline_featured_image":false,"footnotes":""},"class_list":["post-1546","page","type-page","status-publish","hentry"],"acf":[],"lang":false,"translations":[],"_links":{"self":[{"href":"https:\/\/projektit.gtk.fi\/setelit\/wp-json\/wp\/v2\/pages\/1546","targetHints":{"allow":["GET"]}}],"collection":[{"href":"https:\/\/projektit.gtk.fi\/setelit\/wp-json\/wp\/v2\/pages"}],"about":[{"href":"https:\/\/projektit.gtk.fi\/setelit\/wp-json\/wp\/v2\/types\/page"}],"author":[{"embeddable":true,"href":"https:\/\/projektit.gtk.fi\/setelit\/wp-json\/wp\/v2\/users\/20"}],"replies":[{"embeddable":true,"href":"https:\/\/projektit.gtk.fi\/setelit\/wp-json\/wp\/v2\/comments?post=1546"}],"version-history":[{"count":8,"href":"https:\/\/projektit.gtk.fi\/setelit\/wp-json\/wp\/v2\/pages\/1546\/revisions"}],"predecessor-version":[{"id":1664,"href":"https:\/\/projektit.gtk.fi\/setelit\/wp-json\/wp\/v2\/pages\/1546\/revisions\/1664"}],"wp:attachment":[{"href":"https:\/\/projektit.gtk.fi\/setelit\/wp-json\/wp\/v2\/media?parent=1546"}],"curies":[{"name":"wp","href":"https:\/\/api.w.org\/{rel}","templated":true}]}}