{"id":1544,"date":"2023-08-29T09:34:35","date_gmt":"2023-08-29T06:34:35","guid":{"rendered":"https:\/\/projektit.gtk.fi\/setelit\/?page_id=1544"},"modified":"2023-09-21T13:48:31","modified_gmt":"2023-09-21T10:48:31","slug":"rikastushiekan-tuotteistus-ja-hyotykaytto","status":"publish","type":"page","link":"https:\/\/projektit.gtk.fi\/setelit\/rikastushiekan-tuotteistus-ja-hyotykaytto\/","title":{"rendered":"Rikastushiekan tuotteistus ja hy\u00f6tyk\u00e4ytt\u00f6"},"content":{"rendered":"<div class=\"fusion-fullwidth fullwidth-box fusion-builder-row-1 fusion-flex-container has-pattern-background has-mask-background nonhundred-percent-fullwidth non-hundred-percent-height-scrolling\" style=\"--awb-border-radius-top-left:0px;--awb-border-radius-top-right:0px;--awb-border-radius-bottom-right:0px;--awb-border-radius-bottom-left:0px;--awb-flex-wrap:wrap;\" ><div class=\"fusion-builder-row fusion-row fusion-flex-align-items-flex-start fusion-flex-content-wrap\" style=\"max-width:1664px;margin-left: calc(-4% \/ 2 );margin-right: calc(-4% \/ 2 );\"><div class=\"fusion-layout-column fusion_builder_column fusion-builder-column-0 fusion_builder_column_1_2 1_2 fusion-flex-column\" style=\"--awb-bg-size:cover;--awb-width-large:50%;--awb-margin-top-large:0px;--awb-spacing-right-large:3.84%;--awb-margin-bottom-large:20px;--awb-spacing-left-large:3.84%;--awb-width-medium:50%;--awb-order-medium:0;--awb-spacing-right-medium:3.84%;--awb-spacing-left-medium:3.84%;--awb-width-small:100%;--awb-order-small:0;--awb-spacing-right-small:1.92%;--awb-spacing-left-small:1.92%;\"><div class=\"fusion-column-wrapper fusion-column-has-shadow fusion-flex-justify-content-flex-start fusion-content-layout-column\"><div class=\"fusion-title title fusion-title-1 fusion-sep-none fusion-title-text fusion-title-size-one\"><h1 class=\"fusion-title-heading title-heading-left fusion-responsive-typography-calculated\" style=\"margin:0;--fontSize:38;line-height:1.26;\"><h1>Rikastushiekan tuotteistus ja hy\u00f6tyk\u00e4ytt\u00f6 kaivosalueen ulkopuolella<\/h1><\/h1><\/div><div class=\"fusion-title title fusion-title-2 fusion-sep-none fusion-title-text fusion-title-size-one\"><h1 class=\"fusion-title-heading title-heading-left fusion-responsive-typography-calculated\" style=\"margin:0;--fontSize:38;line-height:1.26;\"><h2>Rikastushiekkapohjaisen tuotteen kehitt\u00e4minen<\/h2><\/h1><\/div><div class=\"fusion-text fusion-text-1\"><p>GTK kehitt\u00e4\u00e4 yhteisty\u00f6ss\u00e4 Savonian kanssa betonia korvaavan materiaalin rikastushiekasta k\u00e4ytt\u00e4en sideaineena muokattua tuhkaa, kuonaa tai muuta rikastushiekkaa kovettavaa raaka-ainetta. Reseptien suunnittelun perustana on sementin korvaaminen sekund\u00e4\u00e4risill\u00e4 raaka-aineilla tai geopolymerisointitekniikalla. Teht\u00e4v\u00e4ss\u00e4 suunnitellaan my\u00f6s GTK:n ja Savonian yhteisty\u00f6n\u00e4 3D tulostukseen soveltuva rikastushiekkapohjainen resepti.<\/p>\n<\/div><div class=\"fusion-separator fusion-full-width-sep\" style=\"align-self: center;margin-left: auto;margin-right: auto;margin-top:30px;width:100%;\"><\/div><div class=\"fusion-title title fusion-title-3 fusion-sep-none fusion-title-text fusion-title-size-one\"><h1 class=\"fusion-title-heading title-heading-left fusion-responsive-typography-calculated\" style=\"margin:0;--fontSize:38;line-height:1.26;\"><h2>Rikastushiekkapohjaisen tuotteen j\u00e4testatuksen purku ja tuotteistus<\/h2><\/h1><\/div><div class=\"fusion-text fusion-text-2\"><p>Tavoitteena on selvitt\u00e4\u00e4 rikastushiekan j\u00e4testatuksen purkamiseen vaadittavat toimenpiteet ja mahdollisuuksien mukaan tuotteistaa kehitetyt tuotteet, saaden aikaan uutta yritystoimintaa. Mahdollisuutena on my\u00f6s pelk\u00e4n rikastushiekan tuotteistus. GTK ty\u00f6st\u00e4\u00e4 tuotteistus- ja end-of-waste-prosesseista ohjeistuksen edist\u00e4m\u00e4\u00e4n kaivosten rikastushiekkojen hy\u00f6tyk\u00e4ytt\u00f6\u00e4.<\/p>\n<\/div><div class=\"fusion-separator fusion-full-width-sep\" style=\"align-self: center;margin-left: auto;margin-right: auto;margin-top:30px;width:100%;\"><\/div><div class=\"fusion-title title fusion-title-4 fusion-sep-none fusion-title-text fusion-title-size-one\"><h1 class=\"fusion-title-heading title-heading-left fusion-responsive-typography-calculated\" style=\"margin:0;--fontSize:38;line-height:1.26;\"><h2>Tuotteen elinkaariarviointi, LCA<\/h2><\/h1><\/div><div class=\"fusion-text fusion-text-3\"><p>Tuotteen koko elinkaaren ymp\u00e4rist\u00f6vaikutuksien tutkiminen raaka-aineen hankinnasta tuotteen kierr\u00e4tykseen asti. Teht\u00e4v\u00e4ss\u00e4 arvioidaan my\u00f6s lopputuotteen jatkok\u00e4ytt\u00f6mahdollisuuksia. Teht\u00e4v\u00e4\u00e4n liittyen luodaan opintokokonaisuus elinkaariarvioinnista osaksi Savonia-ammattikorkeakoulun ymp\u00e4rist\u00f6tekniikan opetusta.<\/p>\n<\/div><\/div><\/div><div class=\"fusion-layout-column fusion_builder_column fusion-builder-column-1 fusion_builder_column_1_2 1_2 fusion-flex-column\" style=\"--awb-bg-size:cover;--awb-width-large:50%;--awb-margin-top-large:232px;--awb-spacing-right-large:3.84%;--awb-margin-bottom-large:20px;--awb-spacing-left-large:3.84%;--awb-width-medium:50%;--awb-order-medium:0;--awb-spacing-right-medium:3.84%;--awb-spacing-left-medium:3.84%;--awb-width-small:100%;--awb-order-small:0;--awb-spacing-right-small:1.92%;--awb-spacing-left-small:1.92%;\"><div class=\"fusion-column-wrapper fusion-column-has-shadow fusion-flex-justify-content-flex-start fusion-content-layout-column\"><div class=\"fusion-image-element \" style=\"--awb-caption-title-font-family:var(--h2_typography-font-family);--awb-caption-title-font-weight:var(--h2_typography-font-weight);--awb-caption-title-font-style:var(--h2_typography-font-style);--awb-caption-title-size:var(--h2_typography-font-size);--awb-caption-title-transform:var(--h2_typography-text-transform);--awb-caption-title-line-height:var(--h2_typography-line-height);--awb-caption-title-letter-spacing:var(--h2_typography-letter-spacing);\"><span class=\" fusion-imageframe imageframe-none imageframe-1 hover-type-none\"><img decoding=\"async\" width=\"1404\" height=\"1580\" title=\"CO2 neutral\" src=\"https:\/\/projektit.gtk.fi\/setelit\/wp-content\/uploads\/sites\/26\/2023\/09\/IMG_0201s.jpg\" alt class=\"img-responsive wp-image-1661\" srcset=\"https:\/\/projektit.gtk.fi\/setelit\/wp-content\/uploads\/sites\/26\/2023\/09\/IMG_0201s-200x225.jpg 200w, https:\/\/projektit.gtk.fi\/setelit\/wp-content\/uploads\/sites\/26\/2023\/09\/IMG_0201s-400x450.jpg 400w, https:\/\/projektit.gtk.fi\/setelit\/wp-content\/uploads\/sites\/26\/2023\/09\/IMG_0201s-600x675.jpg 600w, https:\/\/projektit.gtk.fi\/setelit\/wp-content\/uploads\/sites\/26\/2023\/09\/IMG_0201s-800x900.jpg 800w, https:\/\/projektit.gtk.fi\/setelit\/wp-content\/uploads\/sites\/26\/2023\/09\/IMG_0201s-1200x1350.jpg 1200w, https:\/\/projektit.gtk.fi\/setelit\/wp-content\/uploads\/sites\/26\/2023\/09\/IMG_0201s.jpg 1404w\" sizes=\"(max-width: 640px) 100vw, 800px\" \/><\/span><\/div><\/div><\/div><\/div><\/div>\n","protected":false},"excerpt":{"rendered":"","protected":false},"author":20,"featured_media":0,"parent":0,"menu_order":0,"comment_status":"closed","ping_status":"closed","template":"","meta":{"_acf_changed":false,"_relevanssi_hide_post":"","_relevanssi_hide_content":"","_relevanssi_pin_for_all":"","_relevanssi_pin_keywords":"","_relevanssi_unpin_keywords":"","_relevanssi_related_keywords":"","_relevanssi_related_include_ids":"","_relevanssi_related_exclude_ids":"","_relevanssi_related_no_append":"","_relevanssi_related_not_related":"","_relevanssi_related_posts":"","_relevanssi_noindex_reason":"","inline_featured_image":false,"footnotes":""},"class_list":["post-1544","page","type-page","status-publish","hentry"],"acf":[],"lang":false,"translations":[],"_links":{"self":[{"href":"https:\/\/projektit.gtk.fi\/setelit\/wp-json\/wp\/v2\/pages\/1544","targetHints":{"allow":["GET"]}}],"collection":[{"href":"https:\/\/projektit.gtk.fi\/setelit\/wp-json\/wp\/v2\/pages"}],"about":[{"href":"https:\/\/projektit.gtk.fi\/setelit\/wp-json\/wp\/v2\/types\/page"}],"author":[{"embeddable":true,"href":"https:\/\/projektit.gtk.fi\/setelit\/wp-json\/wp\/v2\/users\/20"}],"replies":[{"embeddable":true,"href":"https:\/\/projektit.gtk.fi\/setelit\/wp-json\/wp\/v2\/comments?post=1544"}],"version-history":[{"count":10,"href":"https:\/\/projektit.gtk.fi\/setelit\/wp-json\/wp\/v2\/pages\/1544\/revisions"}],"predecessor-version":[{"id":1662,"href":"https:\/\/projektit.gtk.fi\/setelit\/wp-json\/wp\/v2\/pages\/1544\/revisions\/1662"}],"wp:attachment":[{"href":"https:\/\/projektit.gtk.fi\/setelit\/wp-json\/wp\/v2\/media?parent=1544"}],"curies":[{"name":"wp","href":"https:\/\/api.w.org\/{rel}","templated":true}]}}