{"id":478,"date":"2022-10-17T09:54:13","date_gmt":"2022-10-17T08:54:13","guid":{"rendered":"https:\/\/projektit.gtk.fi\/minmatka\/?page_id=478"},"modified":"2023-08-18T11:05:29","modified_gmt":"2023-08-18T08:05:29","slug":"tuotekehitys","status":"publish","type":"page","link":"https:\/\/projektit.gtk.fi\/minmatka\/fi\/tuotekehitys\/","title":{"rendered":"Tuotekehitys"},"content":{"rendered":"<div class=\"fusion-fullwidth fullwidth-box fusion-builder-row-1 fusion-flex-container has-pattern-background has-mask-background nonhundred-percent-fullwidth non-hundred-percent-height-scrolling\" style=\"--awb-border-radius-top-left:0px;--awb-border-radius-top-right:0px;--awb-border-radius-bottom-right:0px;--awb-border-radius-bottom-left:0px;--awb-padding-right-medium:15px;--awb-padding-left-medium:15px;--awb-padding-right-small:10px;--awb-padding-left-small:8px;--awb-flex-wrap:wrap;\" ><div class=\"fusion-builder-row fusion-row fusion-flex-align-items-flex-start fusion-flex-justify-content-space-between fusion-flex-content-wrap\" style=\"max-width:1664px;margin-left: calc(-4% \/ 2 );margin-right: calc(-4% \/ 2 );\"><div class=\"fusion-layout-column fusion_builder_column fusion-builder-column-0 fusion_builder_column_1_2 1_2 fusion-flex-column fusion-flex-align-self-flex-start\" style=\"--awb-bg-size:cover;--awb-width-large:50%;--awb-margin-top-large:0px;--awb-spacing-right-large:3.84%;--awb-margin-bottom-large:20px;--awb-spacing-left-large:3.84%;--awb-width-medium:50%;--awb-order-medium:0;--awb-spacing-right-medium:3.84%;--awb-spacing-left-medium:3.84%;--awb-width-small:100%;--awb-order-small:0;--awb-spacing-right-small:1.92%;--awb-spacing-left-small:1.92%;\"><div class=\"fusion-column-wrapper fusion-column-has-shadow fusion-flex-justify-content-flex-start fusion-content-layout-column\"><div class=\"fusion-title title fusion-title-1 fusion-sep-none fusion-title-text fusion-title-size-one\" style=\"--awb-margin-top:-35px;\"><h1 class=\"fusion-title-heading title-heading-left fusion-responsive-typography-calculated\" style=\"margin:0;--fontSize:38;line-height:1.26;\"><h1>Tuotekehitys<\/h1><\/h1><\/div><div class=\"fusion-text fusion-text-1\"><h6>Miten GTK voi auttaa sinua? Tiesitk\u00f6, ett\u00e4 GTK:lla on huippuluokan geotietoaineiston ja tutkijoiden lis\u00e4ksi mm. koetehdas, kattavat laboratoriopalvelut ja valmius tarjota asiantuntijapalveluita? Haluaisitko olla mukana kehitt\u00e4m\u00e4ss\u00e4 GTK:n tarjoamia palveluita akkumineraalien etsinn\u00e4n tehostamiseksi?<\/h6>\n<p>GTK tuottaa paljon tutkimustietoa ja k\u00e4ytt\u00e4\u00e4 erilaisia tutkimusmenetelmi\u00e4, jotka kohdentuvat ajankohtaisiin, GTK:n strategian mukaisiin tutkimuskohteisiin. MinMatKa projektissa varsinaisen tieteellisen ty\u00f6n lis\u00e4ksi l\u00e4hestyt\u00e4\u00e4n tutkimusty\u00f6t\u00e4 tuotteistamisen n\u00e4k\u00f6kulmasta. T\u00e4ll\u00e4 hetkell\u00e4 tutkimus keskittyy akkumineraalien karakterisointiin, etsint\u00e4teknologioihin ja niiden pohjalta syntyneisiin etsint\u00e4konsepteihin. Tekemisen taustalla on koko ajan ajatus siit\u00e4, miten tutkimus voi auttaa esimerkiksi ilmastonmuutoksen ja energianmurroksen asettamissa haasteissa sek\u00e4 tukee elinkeinoel\u00e4m\u00e4\u00e4. Tutkittuun tietoon pohjautuvia tuloksia hy\u00f6dynt\u00e4m\u00e4ll\u00e4 ja konseptoimalla voidaan rakentaa entist\u00e4 helpommin saavutettavia asiantuntijapalveluita yhteiskunnan tarpeisiin.<\/p>\n<p>Tuotteistamisen osalta mukana ovat seuraavat menetelm\u00e4t: kairasyd\u00e4npistemittaus, monimuuttuja-aineiston tulkintapalvelut, hyperspektritulkinta: asiantuntijaty\u00f6, geokemian ty\u00f6kalut fertiilien Li-pegmatiittien malminetsint\u00e4\u00e4n, malminetsint\u00e4\u00e4 tukevat geokemian palvelut (moreenigeokemia ja pintageokemia) ja petrofysiikan palvelut.<\/p>\n<p>Mik\u00e4li haluat kuulla lis\u00e4\u00e4 tai kertoa millaisiin tutkimustarpeisiin GTK voisi vastata olethan yhteydess\u00e4!<\/p>\n<\/div><\/div><\/div><div class=\"fusion-layout-column fusion_builder_column fusion-builder-column-1 fusion_builder_column_1_2 1_2 fusion-flex-column\" style=\"--awb-bg-size:cover;--awb-width-large:50%;--awb-margin-top-large:0px;--awb-spacing-right-large:3.84%;--awb-margin-bottom-large:20px;--awb-spacing-left-large:3.84%;--awb-width-medium:50%;--awb-order-medium:0;--awb-spacing-right-medium:3.84%;--awb-spacing-left-medium:3.84%;--awb-width-small:100%;--awb-order-small:0;--awb-spacing-right-small:1.92%;--awb-spacing-left-small:1.92%;\"><div class=\"fusion-column-wrapper fusion-column-has-shadow fusion-flex-justify-content-flex-start fusion-content-layout-column\"><div class=\"fusion-image-element \" style=\"text-align:right;--awb-margin-top:90px;--awb-caption-title-font-family:var(--h2_typography-font-family);--awb-caption-title-font-weight:var(--h2_typography-font-weight);--awb-caption-title-font-style:var(--h2_typography-font-style);--awb-caption-title-size:var(--h2_typography-font-size);--awb-caption-title-transform:var(--h2_typography-text-transform);--awb-caption-title-line-height:var(--h2_typography-line-height);--awb-caption-title-letter-spacing:var(--h2_typography-letter-spacing);\"><span class=\" fusion-imageframe imageframe-none imageframe-1 hover-type-none\"><img decoding=\"async\" width=\"655\" height=\"618\" src=\"https:\/\/projektit.gtk.fi\/minmatka\/wp-content\/uploads\/sites\/23\/2022\/10\/kooste.jpg\" alt class=\"img-responsive wp-image-502\" srcset=\"https:\/\/projektit.gtk.fi\/minmatka\/wp-content\/uploads\/sites\/23\/2022\/10\/kooste-200x189.jpg 200w, https:\/\/projektit.gtk.fi\/minmatka\/wp-content\/uploads\/sites\/23\/2022\/10\/kooste-400x377.jpg 400w, https:\/\/projektit.gtk.fi\/minmatka\/wp-content\/uploads\/sites\/23\/2022\/10\/kooste-600x566.jpg 600w, https:\/\/projektit.gtk.fi\/minmatka\/wp-content\/uploads\/sites\/23\/2022\/10\/kooste.jpg 655w\" sizes=\"(max-width: 640px) 100vw, 655px\" \/><\/span><\/div><\/div><\/div><div class=\"fusion-layout-column fusion_builder_column fusion-builder-column-2 fusion_builder_column_2_5 2_5 fusion-flex-column fusion-flex-align-self-flex-start\" style=\"--awb-padding-top:50px;--awb-padding-right:50px;--awb-padding-bottom:50px;--awb-padding-left:50px;--awb-bg-color:#efefef;--awb-bg-color-hover:#efefef;--awb-bg-size:cover;--awb-width-large:40%;--awb-margin-top-large:0px;--awb-spacing-right-large:4.8%;--awb-margin-bottom-large:0px;--awb-spacing-left-large:4.8%;--awb-width-medium:40%;--awb-order-medium:0;--awb-spacing-right-medium:4.8%;--awb-spacing-left-medium:4.8%;--awb-width-small:100%;--awb-order-small:0;--awb-spacing-right-small:1.92%;--awb-spacing-left-small:1.92%;\"><div class=\"fusion-column-wrapper fusion-column-has-shadow fusion-flex-justify-content-flex-start fusion-content-layout-column\"><div class=\"fusion-text fusion-text-2\"><p>Ota yhteytt\u00e4 (etunimi.sukunimi@gtk.fi):<\/p>\n<ul>\n<li>Geologi Jari Nenonen<\/li>\n<li>Projektip\u00e4\u00e4llikk\u00f6 Irmeli Huovinen<\/li>\n<\/ul>\n<\/div><\/div><\/div><\/div><\/div>\n","protected":false},"excerpt":{"rendered":"","protected":false},"author":20,"featured_media":0,"parent":0,"menu_order":0,"comment_status":"closed","ping_status":"closed","template":"","meta":{"_acf_changed":false,"_relevanssi_hide_post":"","_relevanssi_hide_content":"","_relevanssi_pin_for_all":"","_relevanssi_pin_keywords":"","_relevanssi_unpin_keywords":"","_relevanssi_related_keywords":"","_relevanssi_related_include_ids":"","_relevanssi_related_exclude_ids":"","_relevanssi_related_no_append":"","_relevanssi_related_not_related":"","_relevanssi_related_posts":"","_relevanssi_noindex_reason":"","inline_featured_image":false,"footnotes":""},"class_list":["post-478","page","type-page","status-publish","hentry"],"acf":[],"lang":"fi","translations":{"fi":478,"en":856},"pll_sync_post":[],"_links":{"self":[{"href":"https:\/\/projektit.gtk.fi\/minmatka\/wp-json\/wp\/v2\/pages\/478","targetHints":{"allow":["GET"]}}],"collection":[{"href":"https:\/\/projektit.gtk.fi\/minmatka\/wp-json\/wp\/v2\/pages"}],"about":[{"href":"https:\/\/projektit.gtk.fi\/minmatka\/wp-json\/wp\/v2\/types\/page"}],"author":[{"embeddable":true,"href":"https:\/\/projektit.gtk.fi\/minmatka\/wp-json\/wp\/v2\/users\/20"}],"replies":[{"embeddable":true,"href":"https:\/\/projektit.gtk.fi\/minmatka\/wp-json\/wp\/v2\/comments?post=478"}],"version-history":[{"count":31,"href":"https:\/\/projektit.gtk.fi\/minmatka\/wp-json\/wp\/v2\/pages\/478\/revisions"}],"predecessor-version":[{"id":887,"href":"https:\/\/projektit.gtk.fi\/minmatka\/wp-json\/wp\/v2\/pages\/478\/revisions\/887"}],"wp:attachment":[{"href":"https:\/\/projektit.gtk.fi\/minmatka\/wp-json\/wp\/v2\/media?parent=478"}],"curies":[{"name":"wp","href":"https:\/\/api.w.org\/{rel}","templated":true}]}}