{"id":455,"date":"2022-10-14T13:45:58","date_gmt":"2022-10-14T12:45:58","guid":{"rendered":"https:\/\/projektit.gtk.fi\/minmatka\/?page_id=455"},"modified":"2023-08-18T11:07:40","modified_gmt":"2023-08-18T08:07:40","slug":"laadunvalvonta","status":"publish","type":"page","link":"https:\/\/projektit.gtk.fi\/minmatka\/fi\/laadunvalvonta\/","title":{"rendered":"Laadunvalvonta"},"content":{"rendered":"<p><div class=\"fusion-fullwidth fullwidth-box fusion-builder-row-1 fusion-flex-container has-pattern-background has-mask-background nonhundred-percent-fullwidth non-hundred-percent-height-scrolling\" style=\"--awb-border-radius-top-left:0px;--awb-border-radius-top-right:0px;--awb-border-radius-bottom-right:0px;--awb-border-radius-bottom-left:0px;--awb-padding-right-medium:15px;--awb-padding-left-medium:15px;--awb-padding-right-small:10px;--awb-padding-left-small:8px;--awb-flex-wrap:wrap;\" ><div class=\"fusion-builder-row fusion-row fusion-flex-align-items-flex-start fusion-flex-content-wrap\" style=\"max-width:1664px;margin-left: calc(-4% \/ 2 );margin-right: calc(-4% \/ 2 );\"><div class=\"fusion-layout-column fusion_builder_column fusion-builder-column-0 fusion_builder_column_1_2 1_2 fusion-flex-column\" style=\"--awb-bg-size:cover;--awb-width-large:50%;--awb-margin-top-large:0px;--awb-spacing-right-large:3.84%;--awb-margin-bottom-large:0px;--awb-spacing-left-large:3.84%;--awb-width-medium:50%;--awb-order-medium:0;--awb-spacing-right-medium:3.84%;--awb-spacing-left-medium:3.84%;--awb-width-small:100%;--awb-order-small:0;--awb-spacing-right-small:1.92%;--awb-spacing-left-small:1.92%;\"><div class=\"fusion-column-wrapper fusion-column-has-shadow fusion-flex-justify-content-flex-start fusion-content-layout-column\"><div class=\"fusion-title title fusion-title-1 fusion-sep-none fusion-title-text fusion-title-size-one\" style=\"--awb-margin-top:-25px;--awb-margin-bottom:0px;\"><h1 class=\"fusion-title-heading title-heading-left fusion-responsive-typography-calculated\" style=\"margin:0;--fontSize:38;line-height:1.26;\"><h1><strong>Geologisen aineiston laadunvalvonta <\/strong><\/h1><\/h1><\/div><div class=\"fusion-text fusion-text-1 fusion-text-no-margin\"><h6>GTK projektitoiminta tuottaa vuosittain uutta geologista tietoa tutkimusprojekteissa (<a href=\"https:\/\/www.gtk.fi\/tutkimus\/\">Tutkimus | GTK<\/a>), jotka hy\u00f6dynt\u00e4v\u00e4t my\u00f6s olemassa olevaa materiaalia, kuten kansallinen kairasyd\u00e4narkisto (<a href=\"https:\/\/www.gtk.fi\/palvelut\/aineistot-ja-verkkopalvelut\/tutkimus-ja-nayteaineistot\/\">Tutkimus- ja n\u00e4yteaineistot | GTK<\/a>). GTK:n yll\u00e4pit\u00e4m\u00e4 geotietokanta on maailman k\u00e4rke\u00e4 (<a href=\"https:\/\/www.gtk.fi\/ajankohtaista\/suomen-geotietoaineistot-ovat-maailman-karkea\/\">Suomen geotietoaineistot ovat maailman k\u00e4rke\u00e4 | GTK<\/a>) ja GTK p\u00e4ivitt\u00e4\u00e4 tuotetun tiedon laadunvalvontaa, jotta sen k\u00e4ytt\u00f6arvo sek\u00e4 tieteellisess\u00e4 ett\u00e4 taloudellisessa tutkimuksessa on riitt\u00e4v\u00e4n korkea. T\u00e4m\u00e4 toteutetaan p\u00e4ivitt\u00e4m\u00e4ll\u00e4 n\u00e4ytteenoton toimintaohjeet ja prosessien laadunvalvonta (QA\/QC = Quality Assurance (\u201cQA\u201d), Quality Control (\u201cQC\u201d)). Laadunvalvonta huomioi my\u00f6s ymp\u00e4rist\u00f6- ja ty\u00f6turvallisuusn\u00e4k\u00f6kulmat sek\u00e4 tiedonhallinnan koko n\u00e4ytteenottoprosessissa ja sit\u00e4 k\u00e4ytet\u00e4\u00e4n projektin arvonm\u00e4\u00e4rityksess\u00e4 ja edistymisen seurannassa. T\u00e4ss\u00e4 projektissa keskityt\u00e4\u00e4n kallion\u00e4ytteenottoon liittyviin prosesseihin unohtamatta sidosryhm\u00e4toimintaa ja lupaprosesseja, teknisen toteutuksen ohella.<\/h6>\n<\/div><\/div><\/div><div class=\"fusion-layout-column fusion_builder_column fusion-builder-column-1 fusion_builder_column_1_4 1_4 fusion-flex-column\" style=\"--awb-bg-size:cover;--awb-width-large:25%;--awb-margin-top-large:0px;--awb-spacing-right-large:7.68%;--awb-margin-bottom-large:20px;--awb-spacing-left-large:7.68%;--awb-width-medium:25%;--awb-order-medium:0;--awb-spacing-right-medium:7.68%;--awb-spacing-left-medium:7.68%;--awb-width-small:100%;--awb-order-small:0;--awb-spacing-right-small:1.92%;--awb-spacing-left-small:1.92%;\"><div class=\"fusion-column-wrapper fusion-column-has-shadow fusion-flex-justify-content-flex-start fusion-content-layout-column\"><div class=\"fusion-image-element \" style=\"--awb-margin-top:15px;--awb-caption-title-font-family:var(--h2_typography-font-family);--awb-caption-title-font-weight:var(--h2_typography-font-weight);--awb-caption-title-font-style:var(--h2_typography-font-style);--awb-caption-title-size:var(--h2_typography-font-size);--awb-caption-title-transform:var(--h2_typography-text-transform);--awb-caption-title-line-height:var(--h2_typography-line-height);--awb-caption-title-letter-spacing:var(--h2_typography-letter-spacing);\"><span class=\" fusion-imageframe imageframe-none imageframe-1 hover-type-none\"><img decoding=\"async\" width=\"561\" height=\"996\" src=\"https:\/\/projektit.gtk.fi\/minmatka\/wp-content\/uploads\/sites\/23\/2022\/10\/Picture1.jpg\" alt class=\"img-responsive wp-image-459\" srcset=\"https:\/\/projektit.gtk.fi\/minmatka\/wp-content\/uploads\/sites\/23\/2022\/10\/Picture1-200x355.jpg 200w, https:\/\/projektit.gtk.fi\/minmatka\/wp-content\/uploads\/sites\/23\/2022\/10\/Picture1-400x710.jpg 400w, https:\/\/projektit.gtk.fi\/minmatka\/wp-content\/uploads\/sites\/23\/2022\/10\/Picture1.jpg 561w\" sizes=\"(max-width: 640px) 100vw, 400px\" \/><\/span><\/div><\/div><\/div><div class=\"fusion-layout-column fusion_builder_column fusion-builder-column-2 fusion_builder_column_1_4 1_4 fusion-flex-column\" style=\"--awb-bg-size:cover;--awb-width-large:25%;--awb-margin-top-large:0px;--awb-spacing-right-large:7.68%;--awb-margin-bottom-large:20px;--awb-spacing-left-large:7.68%;--awb-width-medium:25%;--awb-order-medium:0;--awb-spacing-right-medium:7.68%;--awb-spacing-left-medium:7.68%;--awb-width-small:100%;--awb-order-small:0;--awb-spacing-right-small:1.92%;--awb-spacing-left-small:1.92%;\"><div class=\"fusion-column-wrapper fusion-column-has-shadow fusion-flex-justify-content-flex-start fusion-content-layout-column\"><div class=\"fusion-image-element \" style=\"--awb-margin-top:15px;--awb-caption-title-font-family:var(--h2_typography-font-family);--awb-caption-title-font-weight:var(--h2_typography-font-weight);--awb-caption-title-font-style:var(--h2_typography-font-style);--awb-caption-title-size:var(--h2_typography-font-size);--awb-caption-title-transform:var(--h2_typography-text-transform);--awb-caption-title-line-height:var(--h2_typography-line-height);--awb-caption-title-letter-spacing:var(--h2_typography-letter-spacing);\"><span class=\" fusion-imageframe imageframe-none imageframe-2 hover-type-none\"><img decoding=\"async\" width=\"535\" height=\"949\" src=\"https:\/\/projektit.gtk.fi\/minmatka\/wp-content\/uploads\/sites\/23\/2022\/10\/Picture3.jpg\" alt class=\"img-responsive wp-image-460\" srcset=\"https:\/\/projektit.gtk.fi\/minmatka\/wp-content\/uploads\/sites\/23\/2022\/10\/Picture3-200x355.jpg 200w, https:\/\/projektit.gtk.fi\/minmatka\/wp-content\/uploads\/sites\/23\/2022\/10\/Picture3-400x710.jpg 400w, https:\/\/projektit.gtk.fi\/minmatka\/wp-content\/uploads\/sites\/23\/2022\/10\/Picture3.jpg 535w\" sizes=\"(max-width: 640px) 100vw, 400px\" \/><\/span><\/div><\/div><\/div><\/div><\/div><div class=\"fusion-fullwidth fullwidth-box fusion-builder-row-2 fusion-flex-container has-pattern-background has-mask-background nonhundred-percent-fullwidth non-hundred-percent-height-scrolling\" style=\"--awb-border-radius-top-left:0px;--awb-border-radius-top-right:0px;--awb-border-radius-bottom-right:0px;--awb-border-radius-bottom-left:0px;--awb-padding-right-medium:15px;--awb-padding-left-medium:15px;--awb-padding-right-small:10px;--awb-padding-left-small:8px;--awb-flex-wrap:wrap;\" ><div class=\"fusion-builder-row fusion-row fusion-flex-align-items-flex-start fusion-flex-content-wrap\" style=\"max-width:1664px;margin-left: calc(-4% \/ 2 );margin-right: calc(-4% \/ 2 );\"><div class=\"fusion-layout-column fusion_builder_column fusion-builder-column-3 fusion_builder_column_1_1 1_1 fusion-flex-column\" style=\"--awb-bg-size:cover;--awb-width-large:100%;--awb-margin-top-large:0px;--awb-spacing-right-large:1.92%;--awb-margin-bottom-large:20px;--awb-spacing-left-large:1.92%;--awb-width-medium:100%;--awb-order-medium:0;--awb-spacing-right-medium:1.92%;--awb-spacing-left-medium:1.92%;--awb-width-small:100%;--awb-order-small:0;--awb-spacing-right-small:1.92%;--awb-spacing-left-small:1.92%;\"><div class=\"fusion-column-wrapper fusion-column-has-shadow fusion-flex-justify-content-flex-start fusion-content-layout-column\"><div class=\"fusion-separator fusion-full-width-sep\" style=\"align-self: center;margin-left: auto;margin-right: auto;margin-top:50px;margin-bottom:50px;width:100%;\"><div class=\"fusion-separator-border sep-single\" style=\"--awb-height:20px;--awb-amount:20px;border-color:#e7e7e7;border-top-width:1px;\"><\/div><\/div><\/div><\/div><\/div><\/div><div class=\"fusion-fullwidth fullwidth-box fusion-builder-row-3 fusion-flex-container has-pattern-background has-mask-background nonhundred-percent-fullwidth non-hundred-percent-height-scrolling\" style=\"--awb-border-radius-top-left:0px;--awb-border-radius-top-right:0px;--awb-border-radius-bottom-right:0px;--awb-border-radius-bottom-left:0px;--awb-padding-right-medium:15px;--awb-padding-left-medium:15px;--awb-padding-right-small:10px;--awb-padding-left-small:8px;--awb-flex-wrap:wrap;\" ><div class=\"fusion-builder-row fusion-row fusion-flex-align-items-flex-start fusion-flex-justify-content-space-between fusion-flex-content-wrap\" style=\"max-width:1664px;margin-left: calc(-4% \/ 2 );margin-right: calc(-4% \/ 2 );\"><div class=\"fusion-layout-column fusion_builder_column fusion-builder-column-4 fusion_builder_column_1_3 1_3 fusion-flex-column\" style=\"--awb-bg-size:cover;--awb-width-large:33.333333333333%;--awb-margin-top-large:0px;--awb-spacing-right-large:5.76%;--awb-margin-bottom-large:20px;--awb-spacing-left-large:5.76%;--awb-width-medium:33.333333333333%;--awb-order-medium:0;--awb-spacing-right-medium:5.76%;--awb-spacing-left-medium:5.76%;--awb-width-small:100%;--awb-order-small:0;--awb-spacing-right-small:1.92%;--awb-spacing-left-small:1.92%;\"><div class=\"fusion-column-wrapper fusion-column-has-shadow fusion-flex-justify-content-flex-start fusion-content-layout-column\"><div class=\"fusion-image-element \" style=\"--awb-caption-title-font-family:var(--h2_typography-font-family);--awb-caption-title-font-weight:var(--h2_typography-font-weight);--awb-caption-title-font-style:var(--h2_typography-font-style);--awb-caption-title-size:var(--h2_typography-font-size);--awb-caption-title-transform:var(--h2_typography-text-transform);--awb-caption-title-line-height:var(--h2_typography-line-height);--awb-caption-title-letter-spacing:var(--h2_typography-letter-spacing);\"><span class=\" fusion-imageframe imageframe-none imageframe-3 hover-type-none\"><img decoding=\"async\" width=\"1024\" height=\"768\" src=\"https:\/\/projektit.gtk.fi\/minmatka\/wp-content\/uploads\/sites\/23\/2022\/10\/20211110_135508-1024x768.jpg\" alt class=\"img-responsive wp-image-467\" srcset=\"https:\/\/projektit.gtk.fi\/minmatka\/wp-content\/uploads\/sites\/23\/2022\/10\/20211110_135508-200x150.jpg 200w, https:\/\/projektit.gtk.fi\/minmatka\/wp-content\/uploads\/sites\/23\/2022\/10\/20211110_135508-400x300.jpg 400w, https:\/\/projektit.gtk.fi\/minmatka\/wp-content\/uploads\/sites\/23\/2022\/10\/20211110_135508-600x450.jpg 600w, https:\/\/projektit.gtk.fi\/minmatka\/wp-content\/uploads\/sites\/23\/2022\/10\/20211110_135508-800x600.jpg 800w, https:\/\/projektit.gtk.fi\/minmatka\/wp-content\/uploads\/sites\/23\/2022\/10\/20211110_135508-1200x900.jpg 1200w\" sizes=\"(max-width: 640px) 100vw, 600px\" \/><\/span><\/div><\/div><\/div><div class=\"fusion-layout-column fusion_builder_column fusion-builder-column-5 fusion_builder_column_1_3 1_3 fusion-flex-column\" style=\"--awb-bg-size:cover;--awb-width-large:33.333333333333%;--awb-margin-top-large:0px;--awb-spacing-right-large:5.76%;--awb-margin-bottom-large:20px;--awb-spacing-left-large:5.76%;--awb-width-medium:33.333333333333%;--awb-order-medium:0;--awb-spacing-right-medium:5.76%;--awb-spacing-left-medium:5.76%;--awb-width-small:100%;--awb-order-small:0;--awb-spacing-right-small:1.92%;--awb-spacing-left-small:1.92%;\"><div class=\"fusion-column-wrapper fusion-column-has-shadow fusion-flex-justify-content-flex-start fusion-content-layout-column\"><div class=\"fusion-image-element \" style=\"--awb-caption-title-font-family:var(--h2_typography-font-family);--awb-caption-title-font-weight:var(--h2_typography-font-weight);--awb-caption-title-font-style:var(--h2_typography-font-style);--awb-caption-title-size:var(--h2_typography-font-size);--awb-caption-title-transform:var(--h2_typography-text-transform);--awb-caption-title-line-height:var(--h2_typography-line-height);--awb-caption-title-letter-spacing:var(--h2_typography-letter-spacing);\"><span class=\" fusion-imageframe imageframe-none imageframe-4 hover-type-none\"><img decoding=\"async\" width=\"1024\" height=\"768\" src=\"https:\/\/projektit.gtk.fi\/minmatka\/wp-content\/uploads\/sites\/23\/2022\/10\/Picture2-1024x768.jpg\" alt class=\"img-responsive wp-image-472\" srcset=\"https:\/\/projektit.gtk.fi\/minmatka\/wp-content\/uploads\/sites\/23\/2022\/10\/Picture2-200x150.jpg 200w, https:\/\/projektit.gtk.fi\/minmatka\/wp-content\/uploads\/sites\/23\/2022\/10\/Picture2-400x300.jpg 400w, https:\/\/projektit.gtk.fi\/minmatka\/wp-content\/uploads\/sites\/23\/2022\/10\/Picture2-600x450.jpg 600w, https:\/\/projektit.gtk.fi\/minmatka\/wp-content\/uploads\/sites\/23\/2022\/10\/Picture2-800x600.jpg 800w, https:\/\/projektit.gtk.fi\/minmatka\/wp-content\/uploads\/sites\/23\/2022\/10\/Picture2-1200x900.jpg 1200w, https:\/\/projektit.gtk.fi\/minmatka\/wp-content\/uploads\/sites\/23\/2022\/10\/Picture2.jpg 1643w\" sizes=\"(max-width: 640px) 100vw, 600px\" \/><\/span><\/div><\/div><\/div><div class=\"fusion-layout-column fusion_builder_column fusion-builder-column-6 fusion_builder_column_1_3 1_3 fusion-flex-column fusion-flex-align-self-flex-start\" style=\"--awb-padding-top:50px;--awb-padding-right:50px;--awb-padding-bottom:50px;--awb-padding-left:50px;--awb-bg-color:#efefef;--awb-bg-color-hover:#efefef;--awb-bg-size:cover;--awb-border-color:#e7e7e7;--awb-border-top:1px;--awb-border-right:1px;--awb-border-bottom:1px;--awb-border-left:1px;--awb-border-style:solid;--awb-width-large:33.333333333333%;--awb-margin-top-large:0px;--awb-spacing-right-large:5.76%;--awb-margin-bottom-large:20px;--awb-spacing-left-large:5.76%;--awb-width-medium:33.333333333333%;--awb-order-medium:0;--awb-spacing-right-medium:5.76%;--awb-spacing-left-medium:5.76%;--awb-width-small:100%;--awb-order-small:0;--awb-spacing-right-small:1.92%;--awb-spacing-left-small:1.92%;\"><div class=\"fusion-column-wrapper fusion-column-has-shadow fusion-flex-justify-content-flex-start fusion-content-layout-column\"><div class=\"fusion-text fusion-text-2\"><p>Yhteystiedot (etunimi.sukunimi@gtk.fi):<\/p>\n<ul>\n<li>Projektip\u00e4\u00e4llikk\u00f6 Irmeli Huovinen<\/li>\n<\/ul>\n<\/div><\/div><\/div><\/div><\/div><\/p>\n","protected":false},"excerpt":{"rendered":"","protected":false},"author":20,"featured_media":0,"parent":0,"menu_order":0,"comment_status":"closed","ping_status":"closed","template":"","meta":{"_acf_changed":false,"_relevanssi_hide_post":"","_relevanssi_hide_content":"","_relevanssi_pin_for_all":"","_relevanssi_pin_keywords":"","_relevanssi_unpin_keywords":"","_relevanssi_related_keywords":"","_relevanssi_related_include_ids":"","_relevanssi_related_exclude_ids":"","_relevanssi_related_no_append":"","_relevanssi_related_not_related":"","_relevanssi_related_posts":"","_relevanssi_noindex_reason":"","inline_featured_image":false,"footnotes":""},"class_list":["post-455","page","type-page","status-publish","hentry"],"acf":[],"lang":"fi","translations":{"fi":455,"en":846},"pll_sync_post":[],"_links":{"self":[{"href":"https:\/\/projektit.gtk.fi\/minmatka\/wp-json\/wp\/v2\/pages\/455","targetHints":{"allow":["GET"]}}],"collection":[{"href":"https:\/\/projektit.gtk.fi\/minmatka\/wp-json\/wp\/v2\/pages"}],"about":[{"href":"https:\/\/projektit.gtk.fi\/minmatka\/wp-json\/wp\/v2\/types\/page"}],"author":[{"embeddable":true,"href":"https:\/\/projektit.gtk.fi\/minmatka\/wp-json\/wp\/v2\/users\/20"}],"replies":[{"embeddable":true,"href":"https:\/\/projektit.gtk.fi\/minmatka\/wp-json\/wp\/v2\/comments?post=455"}],"version-history":[{"count":16,"href":"https:\/\/projektit.gtk.fi\/minmatka\/wp-json\/wp\/v2\/pages\/455\/revisions"}],"predecessor-version":[{"id":889,"href":"https:\/\/projektit.gtk.fi\/minmatka\/wp-json\/wp\/v2\/pages\/455\/revisions\/889"}],"wp:attachment":[{"href":"https:\/\/projektit.gtk.fi\/minmatka\/wp-json\/wp\/v2\/media?parent=455"}],"curies":[{"name":"wp","href":"https:\/\/api.w.org\/{rel}","templated":true}]}}