{"id":206,"date":"2022-07-15T13:36:43","date_gmt":"2022-07-15T12:36:43","guid":{"rendered":"https:\/\/projektit.gtk.fi\/minmatka\/?page_id=206"},"modified":"2023-08-18T11:09:37","modified_gmt":"2023-08-18T08:09:37","slug":"maaperageokemian-palvelupaketti","status":"publish","type":"page","link":"https:\/\/projektit.gtk.fi\/minmatka\/fi\/maaperageokemian-palvelupaketti\/","title":{"rendered":"Maaper\u00e4geokemian palvelupaketti"},"content":{"rendered":"<div class=\"fusion-fullwidth fullwidth-box fusion-builder-row-1 fusion-flex-container has-pattern-background has-mask-background nonhundred-percent-fullwidth non-hundred-percent-height-scrolling\" style=\"--awb-border-radius-top-left:0px;--awb-border-radius-top-right:0px;--awb-border-radius-bottom-right:0px;--awb-border-radius-bottom-left:0px;--awb-padding-right-medium:15px;--awb-padding-left-medium:15px;--awb-padding-right-small:10px;--awb-padding-left-small:8pxx;--awb-margin-top:0px;--awb-margin-bottom:0px;--awb-flex-wrap:wrap;\" ><div class=\"fusion-builder-row fusion-row fusion-flex-align-items-flex-start fusion-flex-content-wrap\" style=\"max-width:1664px;margin-left: calc(-4% \/ 2 );margin-right: calc(-4% \/ 2 );\"><div class=\"fusion-layout-column fusion_builder_column fusion-builder-column-0 fusion_builder_column_1_2 1_2 fusion-flex-column\" style=\"--awb-padding-right:50px;--awb-bg-size:cover;--awb-width-large:50%;--awb-margin-top-large:0px;--awb-spacing-right-large:3.84%;--awb-margin-bottom-large:0px;--awb-spacing-left-large:3.84%;--awb-width-medium:50%;--awb-order-medium:0;--awb-spacing-right-medium:3.84%;--awb-spacing-left-medium:3.84%;--awb-width-small:100%;--awb-order-small:0;--awb-spacing-right-small:1.92%;--awb-spacing-left-small:1.92%;\"><div class=\"fusion-column-wrapper fusion-column-has-shadow fusion-flex-justify-content-flex-start fusion-content-layout-column\"><div class=\"fusion-title title fusion-title-1 fusion-sep-none fusion-title-text fusion-title-size-one\" style=\"--awb-margin-top:-25px;\"><h1 class=\"fusion-title-heading title-heading-left fusion-responsive-typography-calculated\" style=\"margin:0;--fontSize:38;line-height:1.26;\"><h1 style=\"margin-left: .75pt;\">Maaper\u00e4geokemian palvelupaketti<\/h1><\/h1><\/div><div class=\"fusion-text fusion-text-1\"><h6 style=\"margin-left: .75pt;\">GTK kehitt\u00e4\u00e4 ja rakentaa palveluratkaisuja mineraaliesiintymien karakterisointiin. Osaamista on syvennetty erityisesti pintageokemian tutkimusmenetelmiss\u00e4 (heikkouuttomenetelmien k\u00e4ytt\u00f6, kasvit n\u00e4ytemateriaalina) sek\u00e4 onsite-menetelmiss\u00e4 (esim. pXRF). Lis\u00e4ksi selvitet\u00e4\u00e4n pintageokemian ja geofysiikan (ruhjeet) aineistojen yhdist\u00e4mist\u00e4.<\/h6>\n<p style=\"margin-left: .75pt;\">GTK:ssa malminetsint\u00e4\u00e4 tukeva maaper\u00e4n geokemiallinen tutkimus on lis\u00e4\u00e4ntynyt. Samanaikaisesti tutkimusmenetelm\u00e4t ovat kehittyneet sis\u00e4lt\u00e4en my\u00f6s ymp\u00e4rist\u00f6n\u00e4k\u00f6kohdat huomioivia menetelmi\u00e4. Yhdist\u00e4m\u00e4ll\u00e4 uusia ja jo pitk\u00e4\u00e4n k\u00e4yt\u00f6ss\u00e4 olleita perinteisi\u00e4 menetelmi\u00e4 on mahdollista luoda eri kohteille soveltuvia monipuolisia, ymp\u00e4rist\u00f6yst\u00e4v\u00e4llisi\u00e4 tutkimuspaketteja, jotka ovat muokattavissa kulloisenkin kohteen ja tarpeen mukaan. Onsite-menetelmill\u00e4 jatkotutkimusten kannalta tarvittavat tulokset ovat saatavissa nopeasti paikan p\u00e4\u00e4ll\u00e4. Optimaalisesti valitut menetelm\u00e4t v\u00e4hent\u00e4v\u00e4t turhia analyysikustannuksia ja luovat kustannuss\u00e4\u00e4st\u00f6j\u00e4.<\/p>\n<\/div><div class=\"fusion-content-boxes content-boxes columns row fusion-columns-1 fusion-columns-total-1 fusion-content-boxes-1 content-boxes-icon-with-title content-left\" style=\"--awb-backgroundcolor:#efefef;--awb-margin-top:40px;--awb-margin-bottom:5px;--awb-hover-accent-color:var(--awb-color4);--awb-circle-hover-accent-color:var(--awb-color4);--awb-item-margin-bottom:40px;\" data-animationOffset=\"top-into-view\"><div style=\"--awb-backgroundcolor:#efefef;\" class=\"fusion-column content-box-column content-box-column content-box-column-1 col-lg-12 col-md-12 col-sm-12 fusion-content-box-hover content-box-column-last content-box-column-last-in-row\"><div class=\"col content-box-wrapper content-wrapper-background link-area-link-icon content-icon-wrapper-yes icon-hover-animation-fade\" data-animationOffset=\"top-into-view\"><div class=\"fusion-clearfix\"><\/div><div class=\"content-container\">\n<p>Yhteystiedot (etunimi.sukunimi@gtk.fi):<\/p>\n<ul>\n<li>Geologi Jari Nenonen<\/li>\n<li>Projektip\u00e4\u00e4llikk\u00f6 Irmeli Huovinen<\/li>\n<\/ul>\n<\/div><\/div><\/div><div class=\"fusion-clearfix\"><\/div><\/div><\/div><\/div><div class=\"fusion-layout-column fusion_builder_column fusion-builder-column-1 fusion_builder_column_1_2 1_2 fusion-flex-column\" style=\"--awb-bg-size:cover;--awb-width-large:50%;--awb-margin-top-large:25px;--awb-spacing-right-large:3.84%;--awb-margin-bottom-large:20px;--awb-spacing-left-large:3.84%;--awb-width-medium:50%;--awb-order-medium:0;--awb-spacing-right-medium:3.84%;--awb-spacing-left-medium:3.84%;--awb-width-small:100%;--awb-order-small:0;--awb-spacing-right-small:1.92%;--awb-spacing-left-small:1.92%;\"><div class=\"fusion-column-wrapper fusion-column-has-shadow fusion-flex-justify-content-flex-start fusion-content-layout-column\"><div class=\"fusion-image-element \" style=\"text-align:right;--awb-margin-top:125px;--awb-caption-title-font-family:var(--h2_typography-font-family);--awb-caption-title-font-weight:var(--h2_typography-font-weight);--awb-caption-title-font-style:var(--h2_typography-font-style);--awb-caption-title-size:var(--h2_typography-font-size);--awb-caption-title-transform:var(--h2_typography-text-transform);--awb-caption-title-line-height:var(--h2_typography-line-height);--awb-caption-title-letter-spacing:var(--h2_typography-letter-spacing);\"><span class=\" fusion-imageframe imageframe-none imageframe-1 hover-type-none\"><img decoding=\"async\" width=\"819\" height=\"780\" src=\"https:\/\/projektit.gtk.fi\/minmatka\/wp-content\/uploads\/sites\/23\/2022\/10\/image1y-e1666248491906.jpg\" alt class=\"img-responsive wp-image-579\" srcset=\"https:\/\/projektit.gtk.fi\/minmatka\/wp-content\/uploads\/sites\/23\/2022\/10\/image1y-e1666248491906-200x190.jpg 200w, https:\/\/projektit.gtk.fi\/minmatka\/wp-content\/uploads\/sites\/23\/2022\/10\/image1y-e1666248491906-400x381.jpg 400w, https:\/\/projektit.gtk.fi\/minmatka\/wp-content\/uploads\/sites\/23\/2022\/10\/image1y-e1666248491906-600x571.jpg 600w, https:\/\/projektit.gtk.fi\/minmatka\/wp-content\/uploads\/sites\/23\/2022\/10\/image1y-e1666248491906-800x762.jpg 800w, https:\/\/projektit.gtk.fi\/minmatka\/wp-content\/uploads\/sites\/23\/2022\/10\/image1y-e1666248491906.jpg 819w\" sizes=\"(max-width: 640px) 100vw, 800px\" \/><\/span><\/div><\/div><\/div><\/div><\/div>\n","protected":false},"excerpt":{"rendered":"","protected":false},"author":20,"featured_media":0,"parent":0,"menu_order":0,"comment_status":"closed","ping_status":"closed","template":"","meta":{"_acf_changed":false,"_relevanssi_hide_post":"","_relevanssi_hide_content":"","_relevanssi_pin_for_all":"","_relevanssi_pin_keywords":"","_relevanssi_unpin_keywords":"","_relevanssi_related_keywords":"","_relevanssi_related_include_ids":"","_relevanssi_related_exclude_ids":"","_relevanssi_related_no_append":"","_relevanssi_related_not_related":"","_relevanssi_related_posts":"","_relevanssi_noindex_reason":"","inline_featured_image":false,"footnotes":""},"class_list":["post-206","page","type-page","status-publish","hentry"],"acf":[],"lang":"fi","translations":{"fi":206,"en":852},"pll_sync_post":[],"_links":{"self":[{"href":"https:\/\/projektit.gtk.fi\/minmatka\/wp-json\/wp\/v2\/pages\/206","targetHints":{"allow":["GET"]}}],"collection":[{"href":"https:\/\/projektit.gtk.fi\/minmatka\/wp-json\/wp\/v2\/pages"}],"about":[{"href":"https:\/\/projektit.gtk.fi\/minmatka\/wp-json\/wp\/v2\/types\/page"}],"author":[{"embeddable":true,"href":"https:\/\/projektit.gtk.fi\/minmatka\/wp-json\/wp\/v2\/users\/20"}],"replies":[{"embeddable":true,"href":"https:\/\/projektit.gtk.fi\/minmatka\/wp-json\/wp\/v2\/comments?post=206"}],"version-history":[{"count":35,"href":"https:\/\/projektit.gtk.fi\/minmatka\/wp-json\/wp\/v2\/pages\/206\/revisions"}],"predecessor-version":[{"id":891,"href":"https:\/\/projektit.gtk.fi\/minmatka\/wp-json\/wp\/v2\/pages\/206\/revisions\/891"}],"wp:attachment":[{"href":"https:\/\/projektit.gtk.fi\/minmatka\/wp-json\/wp\/v2\/media?parent=206"}],"curies":[{"name":"wp","href":"https:\/\/api.w.org\/{rel}","templated":true}]}}