{"id":76,"date":"2021-01-03T19:56:16","date_gmt":"2021-01-03T19:56:16","guid":{"rendered":"https:\/\/projektit.gtk.fi\/minextarget\/?page_id=76"},"modified":"2023-06-15T13:12:03","modified_gmt":"2023-06-15T12:12:03","slug":"presentations","status":"publish","type":"page","link":"https:\/\/projektit.gtk.fi\/minextarget\/downloads\/presentations\/","title":{"rendered":"Presentations"},"content":{"rendered":"\n<p><strong>Presentations from Hybrid short course on business modeling and market analysis<\/strong><\/p>\n\n\n\n<ul class=\"wp-block-list\">\n<li><a href=\"http:\/\/projektit.gtk.fi\/minextarget\/wp-content\/uploads\/sites\/11\/2023\/06\/Business_modelsx_strategies_and_go_to_market_planning.pdf\" target=\"_blank\" rel=\"noreferrer noopener\">Business models, strategies and go to market planning<\/a><\/li>\n\n\n\n<li><a href=\"http:\/\/projektit.gtk.fi\/minextarget\/wp-content\/uploads\/sites\/11\/2023\/06\/MinExTarget_short_course_market_and_comp_analysis_spring_2022.pdf\" target=\"_blank\" rel=\"noreferrer noopener\">MinExTarget short course market and comp analysis, spring 2022<\/a><\/li>\n<\/ul>\n\n\n\n<p><strong>Presentations from Geochemical fingerprinting and indicator mineral research techniques in mineral exploration -webinar<\/strong><\/p>\n\n\n\n<p>1.1.\u00a0<a href=\"http:\/\/projektit.gtk.fi\/minextarget\/wp-content\/uploads\/sites\/11\/2023\/06\/1.1_Introduction.pdf\" target=\"_blank\" rel=\"noreferrer noopener\">Introduction<\/a><br>1.3.\u00a0<a href=\"http:\/\/projektit.gtk.fi\/minextarget\/wp-content\/uploads\/sites\/11\/2023\/06\/1.3_Characteristics_of_natural_gold.pdf\" target=\"_blank\" rel=\"noreferrer noopener\">Mineralogical characteristics of Natural Gold<\/a><br>1.4.\u00a0<a href=\"http:\/\/projektit.gtk.fi\/minextarget\/wp-content\/uploads\/sites\/11\/2023\/06\/1.4_Methodologies_for_compositional_characterization._pptx.pdf\" target=\"_blank\" rel=\"noreferrer noopener\">Methodologies for Compositional Characterization<\/a><br>1.5.\u00a0<a href=\"http:\/\/projektit.gtk.fi\/minextarget\/wp-content\/uploads\/sites\/11\/2023\/06\/1.5_Applications.pdf\" target=\"_blank\" rel=\"noreferrer noopener\">Applications<\/a><br>2.1.\u00a0<a href=\"http:\/\/projektit.gtk.fi\/minextarget\/wp-content\/uploads\/sites\/11\/2023\/06\/2.1_Site_selection_for_gold_collection.pdf\" target=\"_blank\" rel=\"noreferrer noopener\">Site Selection for Gold Collection<\/a><br>2.2.\u00a0<a href=\"http:\/\/projektit.gtk.fi\/minextarget\/wp-content\/uploads\/sites\/11\/2023\/06\/2.2_collection_of_heavy_minerals_and_case_study_.pdf\" target=\"_blank\" rel=\"noreferrer noopener\">Collection of Heavy Minerals and a Case Study<\/a><br>2.3.\u00a0<a href=\"http:\/\/projektit.gtk.fi\/minextarget\/wp-content\/uploads\/sites\/11\/2023\/06\/2.3_Critique_of_methodology_.pdf\" target=\"_blank\" rel=\"noreferrer noopener\">Critique of Methodology<\/a><br>2.4.\u00a0<a href=\"http:\/\/projektit.gtk.fi\/minextarget\/wp-content\/uploads\/sites\/11\/2023\/06\/2.4.Future_developments_xAutosavedx.pdf\" target=\"_blank\" rel=\"noreferrer noopener\">Future Developments<\/a><\/p>\n\n\n\n<p><a href=\"http:\/\/projektit.gtk.fi\/minextarget\/wp-content\/uploads\/sites\/11\/2023\/06\/Minex_target_Lahaye_Oct_2021.pdf\" target=\"_blank\" rel=\"noreferrer noopener\">Indicator Minerals Analytical Techniques: Isotope and Trace Element Analysis<\/a><br><a href=\"http:\/\/projektit.gtk.fi\/minextarget\/wp-content\/uploads\/sites\/11\/2023\/06\/MinExTarget_Lehtonen_22.10.2021.pdf\" target=\"_blank\" rel=\"noreferrer noopener\">Indicator Minerals Analytical Techniques: Identification<\/a><\/p>\n\n\n\n<p><strong>Heavy mineral concentration and analytical techniques in mineral exploration &#8211; from research to business Workshop<\/strong><\/p>\n\n\n\n<p><a href=\"http:\/\/projektit.gtk.fi\/minextarget\/wp-content\/uploads\/sites\/11\/2023\/06\/Cobalt_mineralization_in_the_Stara_Kamienica_Rangex_SW_Poland_Paulina_Skirak.pdf\" target=\"_blank\" rel=\"noreferrer noopener\">Cobalt mineralization in the Stara Kamienica Range, SW Poland<\/a><br>Paulina Skirak, MSc, AGH<\/p>\n\n\n\n<p><a href=\"http:\/\/projektit.gtk.fi\/minextarget\/wp-content\/uploads\/sites\/11\/2023\/06\/CRS_Laboratory_Services_Ville_Anttila.pdf\" target=\"_blank\" rel=\"noreferrer noopener\">CRS Laboratory&#8217;s services<\/a><br>Ville Anttila, CRS Laboratory<\/p>\n\n\n\n<p><a href=\"http:\/\/projektit.gtk.fi\/minextarget\/wp-content\/uploads\/sites\/11\/2023\/06\/Geochemical_characteristics_of_sediment-_and_mafic_rock-hosted_Cu_deposits_in_the_Kxfjord_areax_Alta-Kvxnangen_Tectonic_Windowx_Northern_Nor.pdf\" target=\"_blank\" rel=\"noreferrer noopener\">Geochemical characteristics of sediment- and mafic rock-hosted Cu deposits in the K\u00e5fjord area, Alta-Kv\u00e6nangen Tectonic Window, Northern Norway<\/a><br>Sondre Simonsen, MSc, UiT<\/p>\n\n\n\n<p><a href=\"http:\/\/projektit.gtk.fi\/minextarget\/wp-content\/uploads\/sites\/11\/2023\/06\/Mineralogical_study_of_the_heavy_mineral_concentrate_from_the_Karkonosze-Izera_Massif_Krzysztof_Foltyn.pdf\" target=\"_blank\" rel=\"noreferrer noopener\">Mineralogical study of the heavy mineral concentrate from the Karkonosze-Izera Massif<\/a><br>Krzysztof Foltyn, AGH<\/p>\n\n\n\n<p><a href=\"http:\/\/projektit.gtk.fi\/minextarget\/wp-content\/uploads\/sites\/11\/2023\/06\/New_data_on_polymetallic_mineralization_in_the_Gierczyn-Przecznica_areax_mineralogyx_trace_elements_and_geochronology_SW_Poland_Wxadysxaw_Zy.pdf\" target=\"_blank\" rel=\"noreferrer noopener\">New data on polymetallic mineralization in the Gierczyn-Przecznica area, mineralogy, trace elements and geochronology SW Poland<\/a><br>W\u0142adys\u0142aw Zygo, AGH<\/p>\n\n\n\n<p><a href=\"http:\/\/projektit.gtk.fi\/minextarget\/wp-content\/uploads\/sites\/11\/2023\/06\/Palsatech_Oy_New_Way_of_Mineral_Exploration_Hannu_Ahola.pdf\" target=\"_blank\" rel=\"noreferrer noopener\">Palsatech &#8211; New Way of Mineral Exploration<\/a><br>Hannu Ahola, Palsatech<\/p>\n\n\n\n<p><a href=\"http:\/\/projektit.gtk.fi\/minextarget\/wp-content\/uploads\/sites\/11\/2023\/06\/Rajapalot_Au-Co_deposit_as_an_example_of_atypical_orogenic_gold_Jukka-Pekka_Ranta.pdf\" target=\"_blank\" rel=\"noreferrer noopener\">Rajapalot Au-Co deposit as an example of atypical orogenic gold<\/a><br>Jukka-Pekka Ranta, Postdoc, OMS<\/p>\n\n\n\n<p><a href=\"http:\/\/projektit.gtk.fi\/minextarget\/wp-content\/uploads\/sites\/11\/2023\/06\/The_dynamics_of_business_models_in_the_mineral_exploration_sector_Nina_van_Vulpen.pdf\" target=\"_blank\" rel=\"noreferrer noopener\">The dynamics of business models in the mineral exploration sector<\/a><br>Nina Jorien van Vulpen, PhD, OBS<\/p>\n\n\n\n<p><a href=\"http:\/\/projektit.gtk.fi\/minextarget\/wp-content\/uploads\/sites\/11\/2023\/06\/The_geochemical_signature_of_Cu_mineralisation_preserved_in_stream_sediments_from_the_Alta-Kvxnangen_Tectonic_Windowx_Northern_Norway_Johan_.pdf\" target=\"_blank\" rel=\"noreferrer noopener\">The geochemical signature of Cu mineralisation preserved in stream sediments from the Alta-Kv\u00e6nangen Tectonic Window, Northern Norway<\/a><br>Johan Hilmo, MSc UiT<\/p>\n\n\n\n<p><a href=\"http:\/\/projektit.gtk.fi\/minextarget\/wp-content\/uploads\/sites\/11\/2023\/06\/Trace_element_and_isotope_analyses_of_sulphide_minerals_in_mineral_deposit_fingerprinting__A_case_study_from_Petaejaeselkae_Au_occurrencex_n.pdf\" target=\"_blank\" rel=\"noreferrer noopener\">Trace element and isotope analyses of sulphide minerals in mineral deposit fingerprinting: A case study from Pet\u00e4j\u00e4selk\u00e4 Au occurrence, northern Finland<\/a><br>Atte Taivalkoski, PhD, OMS<\/p>\n","protected":false},"excerpt":{"rendered":"<p>Presentations from Hybrid short course on business modeling and market analysis Presentations from Geochemical fingerprinting and indicator mineral research techniques in mineral exploration -webinar 1.1.\u00a0Introduction1.3.\u00a0Mineralogical characteristics of Natural Gold1.4.\u00a0Methodologies for Compositional Characterization1.5.\u00a0Applications2.1.\u00a0Site Selection for Gold Collection2.2.\u00a0Collection of Heavy Minerals and a Case Study2.3.\u00a0Critique of Methodology2.4.\u00a0Future Developments Indicator Minerals Analytical Techniques: Isotope and Trace Element AnalysisIndicator [&hellip;]<\/p>\n","protected":false},"author":17,"featured_media":0,"parent":23,"menu_order":0,"comment_status":"closed","ping_status":"closed","template":"","meta":{"_acf_changed":false,"_relevanssi_hide_post":"","_relevanssi_hide_content":"","_relevanssi_pin_for_all":"","_relevanssi_pin_keywords":"","_relevanssi_unpin_keywords":"","_relevanssi_related_keywords":"","_relevanssi_related_include_ids":"","_relevanssi_related_exclude_ids":"","_relevanssi_related_no_append":"","_relevanssi_related_not_related":"","_relevanssi_related_posts":"","_relevanssi_noindex_reason":"","inline_featured_image":false,"footnotes":""},"class_list":["post-76","page","type-page","status-publish","hentry"],"acf":[],"lang":false,"translations":[],"_links":{"self":[{"href":"https:\/\/projektit.gtk.fi\/minextarget\/wp-json\/wp\/v2\/pages\/76","targetHints":{"allow":["GET"]}}],"collection":[{"href":"https:\/\/projektit.gtk.fi\/minextarget\/wp-json\/wp\/v2\/pages"}],"about":[{"href":"https:\/\/projektit.gtk.fi\/minextarget\/wp-json\/wp\/v2\/types\/page"}],"author":[{"embeddable":true,"href":"https:\/\/projektit.gtk.fi\/minextarget\/wp-json\/wp\/v2\/users\/17"}],"replies":[{"embeddable":true,"href":"https:\/\/projektit.gtk.fi\/minextarget\/wp-json\/wp\/v2\/comments?post=76"}],"version-history":[{"count":4,"href":"https:\/\/projektit.gtk.fi\/minextarget\/wp-json\/wp\/v2\/pages\/76\/revisions"}],"predecessor-version":[{"id":220,"href":"https:\/\/projektit.gtk.fi\/minextarget\/wp-json\/wp\/v2\/pages\/76\/revisions\/220"}],"up":[{"embeddable":true,"href":"https:\/\/projektit.gtk.fi\/minextarget\/wp-json\/wp\/v2\/pages\/23"}],"wp:attachment":[{"href":"https:\/\/projektit.gtk.fi\/minextarget\/wp-json\/wp\/v2\/media?parent=76"}],"curies":[{"name":"wp","href":"https:\/\/api.w.org\/{rel}","templated":true}]}}