{"id":74,"date":"2021-01-03T19:56:03","date_gmt":"2021-01-03T19:56:03","guid":{"rendered":"https:\/\/projektit.gtk.fi\/minextarget\/?page_id=74"},"modified":"2023-12-15T06:47:09","modified_gmt":"2023-12-15T06:47:09","slug":"research-papers","status":"publish","type":"page","link":"https:\/\/projektit.gtk.fi\/minextarget\/downloads\/research-papers\/","title":{"rendered":"Research papers"},"content":{"rendered":"\r\n<p><span class=\"ui-provider ny bwb bwc bwd bwe bwf bwg bwh bwi bwj bwk bwl bwm bwn bwo bwp bwq bwr bws bwt bwu bwv bww bwx bwy bwz bxa bxb bxc bxd bxe bxf bxg bxh bxi\" dir=\"ltr\">Nikkola, P., Szentp\u00e9teri, K., Rai\u010d, S., Moln\u00e1r, F. &amp; O\u2019Brien, H. 2023. The MinExTarget project: Mineral exploration by trace element and isotopic analysis of heavy minerals. In: Nyk\u00e4nen, V., Cook, N. &amp; Kaija, J. (eds) EU SuperCluster Lapland Geoconference \u2013 October 30\u201331, 2023, Hotel Santa Claus, Rovaniemi, Finland. Geological Survey of Finland, Open File Research Report 55\/2023. 212 p. Available at:\u00a0<a class=\"fui-Link ___10kug0w f3rmtva f1ewtqcl fyind8e f1k6fduh f1w7gpdv fk6fouc fjoy568 figsok6 f1hu3pq6 f11qmguv f19f4twv f1tyq0we f1g0x7ka fhxju0i f1qch9an f1cnd47f fqv5qza f1vmzxwi f1o700av f13mvf36 f1cmlufx f9n3di6 f1ids18y f1tx3yz7 f1deo86v f1eh06m1 f1iescvh fhgqx19 f1olyrje f1p93eir f1nev41a f1h8hb77 f1lqvz6u f10aw75t fsle3fq f17ae5zn\" title=\"https:\/\/eur04.safelinks.protection.outlook.com\/?url=https%3a%2f%2ftupa.gtk.fi%2fraportti%2farkisto%2f55_2023.pdf&amp;data=05%7c02%7ckristina.karvonen%40gtk.fi%7cedbd5073135249e7aafd08dbfcbfaf5e%7c060cdb8543cf4df1b99818fe372e407a%7c0%7c0%7c638381672433334217%7cunknown%7ctwfpbgzsb3d8eyjwijoimc4wljawmdailcjqijoiv2lumziilcjbtii6ik1hawwilcjxvci6mn0%3d%7c3000%7c%7c%7c&amp;sdata=%2fppqghxkorpld5yffyctapecax5ku8ssefxa6r3ycqy%3d&amp;reserved=0\" href=\"https:\/\/eur04.safelinks.protection.outlook.com\/?url=https%3A%2F%2Ftupa.gtk.fi%2Fraportti%2Farkisto%2F55_2023.pdf&amp;data=05%7C02%7Ckristina.karvonen%40gtk.fi%7Cedbd5073135249e7aafd08dbfcbfaf5e%7C060cdb8543cf4df1b99818fe372e407a%7C0%7C0%7C638381672433334217%7CUnknown%7CTWFpbGZsb3d8eyJWIjoiMC4wLjAwMDAiLCJQIjoiV2luMzIiLCJBTiI6Ik1haWwiLCJXVCI6Mn0%3D%7C3000%7C%7C%7C&amp;sdata=%2FpPqghXkOrPLd5yfFYcTaPEcAX5ku8SsEfxa6r3ycQY%3D&amp;reserved=0\" target=\"_blank\" rel=\"noreferrer noopener\" aria-label=\"Linkki https:\/\/tupa.gtk.fi\/raportti\/arkisto\/55_2023.pdf\">https:\/\/tupa.gtk.fi\/raportti\/arkisto\/55_2023.pdf<\/a><\/span><\/p>\r\n<p><span class=\"ui-provider ny bwb bwc bwd bwe bwf bwg bwh bwi bwj bwk bwl bwm bwn bwo bwp bwq bwr bws bwt bwu bwv bww bwx bwy bwz bxa bxb bxc bxd bxe bxf bxg bxh bxi\" dir=\"ltr\">Szentp\u00e9teri, K., Nikkola, P., O\u2019Brien, H., Rai\u010d, S. &amp; Cook, N. 2023. Scheelite as an indicator mineral \u2013 insights from the Rajapalot Au-Co deposit, northern Finland. In: Knobloch, A., Torppa, J. &amp; Chudasama, B. (eds) MinProXT 2022 \u2013 Mineral Prospectivity and Exploration Targeting. Geological Survey of Finland, Open File Research Report 29\/2023. 90 p. Available at:\u00a0<a class=\"fui-Link ___10kug0w f3rmtva f1ewtqcl fyind8e f1k6fduh f1w7gpdv fk6fouc fjoy568 figsok6 f1hu3pq6 f11qmguv f19f4twv f1tyq0we f1g0x7ka fhxju0i f1qch9an f1cnd47f fqv5qza f1vmzxwi f1o700av f13mvf36 f1cmlufx f9n3di6 f1ids18y f1tx3yz7 f1deo86v f1eh06m1 f1iescvh fhgqx19 f1olyrje f1p93eir f1nev41a f1h8hb77 f1lqvz6u f10aw75t fsle3fq f17ae5zn\" title=\"https:\/\/eur04.safelinks.protection.outlook.com\/?url=https%3a%2f%2ftupa.gtk.fi%2fraportti%2farkisto%2f29_2023.pdf&amp;data=05%7c02%7ckristina.karvonen%40gtk.fi%7cedbd5073135249e7aafd08dbfcbfaf5e%7c060cdb8543cf4df1b99818fe372e407a%7c0%7c0%7c638381672433490414%7cunknown%7ctwfpbgzsb3d8eyjwijoimc4wljawmdailcjqijoiv2lumziilcjbtii6ik1hawwilcjxvci6mn0%3d%7c3000%7c%7c%7c&amp;sdata=emwerr5cq31vo%2fp4vg86x0lpmqprbibi6emhamgscdi%3d&amp;reserved=0\" href=\"https:\/\/eur04.safelinks.protection.outlook.com\/?url=https%3A%2F%2Ftupa.gtk.fi%2Fraportti%2Farkisto%2F29_2023.pdf&amp;data=05%7C02%7Ckristina.karvonen%40gtk.fi%7Cedbd5073135249e7aafd08dbfcbfaf5e%7C060cdb8543cf4df1b99818fe372e407a%7C0%7C0%7C638381672433490414%7CUnknown%7CTWFpbGZsb3d8eyJWIjoiMC4wLjAwMDAiLCJQIjoiV2luMzIiLCJBTiI6Ik1haWwiLCJXVCI6Mn0%3D%7C3000%7C%7C%7C&amp;sdata=EmWerR5cQ31vo%2FP4vg86X0lpmQprBibI6EmHAmGsCdI%3D&amp;reserved=0\" target=\"_blank\" rel=\"noreferrer noopener\" aria-label=\"Linkki https:\/\/tupa.gtk.fi\/raportti\/arkisto\/29_2023.pdf\">https:\/\/tupa.gtk.fi\/raportti\/arkisto\/29_2023.pdf<\/a><\/span><\/p>\r\n<p><a href=\"http:\/\/projektit.gtk.fi\/minextarget\/wp-content\/uploads\/sites\/11\/2023\/06\/MSc_Geochemical_characteristics_of_sediment-_and_mafic_rock-hosted_Cu_deposits_in_the_Kxfjord_areax_Alta-Kvxnangen_Tectonic_Windowx_Northern_Nor.pdf\" target=\"_blank\" rel=\"noreferrer noopener\">Geochemical characteristics of sediment- and mafic rock-hosted Cu deposits in the K\u00e5fjord area, Alta-Kv\u00e6nangen Tectonic Window, Northern Norway<\/a><br \/>Sondre Stenvold Simonsen<\/p>\r\n\r\n\r\n\r\n<p><a href=\"http:\/\/projektit.gtk.fi\/minextarget\/wp-content\/uploads\/sites\/11\/2023\/06\/MSc_Geochemical_characteristics_of_the_gold-bearing_quartz_veins_in_the_Lykling_areax_Bxmlox_SW_Norway_Forsberg.pdf\" target=\"_blank\" rel=\"noreferrer noopener\">Geochemical characteristics of\u00a0 the gold-bearing\u00a0quatrtz veins in the Lykling area, B\u00f8mlo, SW Norway<\/a><br \/>Frida Riple Forsberg<\/p>\r\n\r\n\r\n\r\n<p><a href=\"http:\/\/projektit.gtk.fi\/minextarget\/wp-content\/uploads\/sites\/11\/2023\/06\/MSc_Geochemical_characteristics_of_volcanogenic_massive_sulfide_mineralizations_on_Bomlo_and_Stord_islands_Sunnhordaland_SW_Norway_Fjellet.pdf\" target=\"_blank\" rel=\"noreferrer noopener\">Geochemical characteristics of volcanogenic massive sulfide mineralizations on B\u00f8mlo and Stord islands, Sunnhordaland, SW Norway<\/a><br \/>Trond Fjellet<\/p>\r\n\r\n\r\n\r\n<p><a href=\"http:\/\/projektit.gtk.fi\/minextarget\/wp-content\/uploads\/sites\/11\/2023\/06\/MSc_The_geochemical_signature_of_Cu_mineralisation_preserved_in_stream_sediments_from_the_Alta-Kvxnangen_Tectonic_Windowx_Northern_Norway_.pdf\" target=\"_blank\" rel=\"noreferrer noopener\">The geochemical signature of Cu mineralisation preserved in stream sediments from the Alta-Kv\u00e6nangen Tectonic Window, Northern Norway<\/a><br \/>Johan Bang Hilmo<\/p>\r\n\r\n\r\n\r\n<p><a href=\"http:\/\/projektit.gtk.fi\/minextarget\/wp-content\/uploads\/sites\/11\/2023\/06\/Perspective_of_Sn_deposit_in_Stara_Kamienica_Range_W-part_Ibnu_Munzir_AGH.pdf\" target=\"_blank\" rel=\"noreferrer noopener\">Perspective of Sn deposit in Stara Kamienica Range W-part<\/a><br \/>Ibnu Munzir<\/p>\r\n\r\n\r\n\r\n<p><a href=\"http:\/\/projektit.gtk.fi\/minextarget\/wp-content\/uploads\/sites\/11\/2023\/06\/MSc_thesis_Skirak.pdf\" target=\"_blank\" rel=\"noreferrer noopener\">The prospect of cobalt occurrences in the Stara Kamienica Range (East part)<\/a><br \/>Paulina Skirak<\/p>\r\n","protected":false},"excerpt":{"rendered":"<p>Nikkola, P., Szentp\u00e9teri, K., Rai\u010d, S., Moln\u00e1r, F. &amp; O\u2019Brien, H. 2023. The MinExTarget project: Mineral exploration by trace element and isotopic analysis of heavy minerals. In: Nyk\u00e4nen, V., Cook, N. &amp; Kaija, J. (eds) EU SuperCluster Lapland Geoconference \u2013 October 30\u201331, 2023, Hotel Santa Claus, Rovaniemi, Finland. Geological Survey of Finland, Open File Research [&hellip;]<\/p>\n","protected":false},"author":17,"featured_media":0,"parent":23,"menu_order":0,"comment_status":"closed","ping_status":"closed","template":"","meta":{"_acf_changed":false,"_relevanssi_hide_post":"","_relevanssi_hide_content":"","_relevanssi_pin_for_all":"","_relevanssi_pin_keywords":"","_relevanssi_unpin_keywords":"","_relevanssi_related_keywords":"","_relevanssi_related_include_ids":"","_relevanssi_related_exclude_ids":"","_relevanssi_related_no_append":"","_relevanssi_related_not_related":"","_relevanssi_related_posts":"","_relevanssi_noindex_reason":"","inline_featured_image":false,"footnotes":""},"class_list":["post-74","page","type-page","status-publish","hentry"],"acf":[],"lang":false,"translations":[],"_links":{"self":[{"href":"https:\/\/projektit.gtk.fi\/minextarget\/wp-json\/wp\/v2\/pages\/74","targetHints":{"allow":["GET"]}}],"collection":[{"href":"https:\/\/projektit.gtk.fi\/minextarget\/wp-json\/wp\/v2\/pages"}],"about":[{"href":"https:\/\/projektit.gtk.fi\/minextarget\/wp-json\/wp\/v2\/types\/page"}],"author":[{"embeddable":true,"href":"https:\/\/projektit.gtk.fi\/minextarget\/wp-json\/wp\/v2\/users\/17"}],"replies":[{"embeddable":true,"href":"https:\/\/projektit.gtk.fi\/minextarget\/wp-json\/wp\/v2\/comments?post=74"}],"version-history":[{"count":8,"href":"https:\/\/projektit.gtk.fi\/minextarget\/wp-json\/wp\/v2\/pages\/74\/revisions"}],"predecessor-version":[{"id":516,"href":"https:\/\/projektit.gtk.fi\/minextarget\/wp-json\/wp\/v2\/pages\/74\/revisions\/516"}],"up":[{"embeddable":true,"href":"https:\/\/projektit.gtk.fi\/minextarget\/wp-json\/wp\/v2\/pages\/23"}],"wp:attachment":[{"href":"https:\/\/projektit.gtk.fi\/minextarget\/wp-json\/wp\/v2\/media?parent=74"}],"curies":[{"name":"wp","href":"https:\/\/api.w.org\/{rel}","templated":true}]}}