{"id":139,"date":"2023-06-15T09:30:22","date_gmt":"2023-06-15T08:30:22","guid":{"rendered":"https:\/\/projektit.gtk.fi\/minextarget\/?page_id=139"},"modified":"2023-06-16T06:13:56","modified_gmt":"2023-06-16T05:13:56","slug":"workshops","status":"publish","type":"page","link":"https:\/\/projektit.gtk.fi\/minextarget\/education\/workshops\/","title":{"rendered":"Workshops"},"content":{"rendered":"\n<h2 class=\"wp-block-heading\">MinExTarget Workshop 17.3.2023<\/h2>\n\n\n\n<p><strong>GeoDays2023, Kumpula, University of Helsinki<\/strong><\/p>\n\n\n\n<p>Lecture room Exactum 124 C<br>Remote connection via Zoom link:&nbsp;<a href=\"https:\/\/oulu.zoom.us\/j\/65773306758\" target=\"_blank\" rel=\"noreferrer noopener\">https:\/\/oulu.zoom.us\/j\/65773306758<\/a><\/p>\n\n\n\n<div class=\"wp-block-columns is-layout-flex wp-container-core-columns-is-layout-9d6595d7 wp-block-columns-is-layout-flex\">\n<div class=\"wp-block-column is-layout-flow wp-block-column-is-layout-flow\" style=\"flex-basis:100%\">\n<figure class=\"wp-block-table\"><table><tbody><tr><td>09.00 &#8211; 09.10<\/td><td>Opening, Pertti Sarala, OMS<a>\ufeff<\/a><\/td><\/tr><tr><td>0\ufeff9.10 &#8211; 09.40<a>\ufeff<\/a><\/td><td>\ufeffThe MinExTarget-service: Mineral exploration by analysis of sediment heavy mineral compositions, Paavo Nikkola, GTK<a>\ufeff<\/a><\/td><\/tr><tr><td>0\ufeff9.40 &#8211; 10.00<a>\ufeff<\/a><\/td><td>Automated data analysis methods, Sara Raic, TU Graz<a>\ufeff<\/a><\/td><\/tr><tr><td>\ufeff10.00 &#8211; 10.20<a>\ufeff<\/a><\/td><td>Workflow and analytical protocol for sampling and heavy mineral separation, part 1, Hannu Ahola, Palsatech Oy<a>\ufeff<\/a><\/td><\/tr><tr><td>\ufeff10.20 &#8211; 10.40<a>\ufeff<\/a><\/td><td>Coffee break<\/td><\/tr><tr><td>\ufeff10.40 &#8211; 11.00&nbsp;<a>\ufeff<\/a><\/td><td>\ufeffWorkflow and analytical protocol for sampling and heavy mineral separation, part 2, \ufeffVille Anttila, CRS Laboratories Oy<a>\ufeff<\/a><a>\ufeff<\/a><\/td><\/tr><tr><td>\ufeff11.00 -11.30<a>\ufeff<\/a><\/td><td>\ufeffGo-to-market plan for the developed tool, Petri Ahokangas, OBS<a>\ufeff<\/a><\/td><\/tr><tr><td>\ufeff11.30 &#8211; 12.00<a>\ufeff<\/a><\/td><td>Group work &#8211; Discussion of interest and market potential for the product<a>\ufeff<\/a><\/td><\/tr><tr><td>\ufeff12.00 &#8211; 13.00<a>\ufeff<\/a><\/td><td>Lunch<a>\ufeff<\/a><\/td><\/tr><tr><td>\ufeff13.00 &#8211; 13.15<a>\ufeff<\/a><\/td><td>\ufeffMineral exploration using trace element composition of pyrite grains from till: A case study from the Pet\u00e4j\u00e4selk\u00e4 Au occurrence, northern Finland, Atte Taivalkoski, OMS<a>\ufeff<\/a><\/td><\/tr><tr><td>\ufeff13.15 &#8211; 13.30<a>\ufeff<\/a><\/td><td>\ufeffTrace element and stable isotope characteristics of sulfides from sediment-hosted Cu deposits, Yulia Mun, UiT<a>\ufeff<\/a><\/td><\/tr><tr><td>\ufeff13.30 &#8211; 13.50<a>\ufeff<\/a><\/td><td>Heavy mineral characteristic in mineral exploration: A case study of cassiterite from Western Sudety Mountains, SW Poland, Krzysztof Foltyn, AGH<a>\ufeff<\/a><\/td><\/tr><tr><td>\ufeff13.50 &#8211; 14.00<a>\ufeff<\/a><\/td><td>Wrap Up, Hugh O\u2019Brien, GTK<a>\ufeff<\/a><\/td><\/tr><\/tbody><\/table><\/figure>\n<\/div>\n<\/div>\n","protected":false},"excerpt":{"rendered":"<p>MinExTarget Workshop 17.3.2023 GeoDays2023, Kumpula, University of Helsinki Lecture room Exactum 124 CRemote connection via Zoom link:&nbsp;https:\/\/oulu.zoom.us\/j\/65773306758 09.00 &#8211; 09.10 Opening, Pertti Sarala, OMS\ufeff 0\ufeff9.10 &#8211; 09.40\ufeff \ufeffThe MinExTarget-service: Mineral exploration by analysis of sediment heavy mineral compositions, Paavo Nikkola, GTK\ufeff 0\ufeff9.40 &#8211; 10.00\ufeff Automated data analysis methods, Sara Raic, TU Graz\ufeff \ufeff10.00 &#8211; 10.20\ufeff [&hellip;]<\/p>\n","protected":false},"author":11,"featured_media":0,"parent":136,"menu_order":0,"comment_status":"closed","ping_status":"closed","template":"","meta":{"_acf_changed":false,"_relevanssi_hide_post":"","_relevanssi_hide_content":"","_relevanssi_pin_for_all":"","_relevanssi_pin_keywords":"","_relevanssi_unpin_keywords":"","_relevanssi_related_keywords":"","_relevanssi_related_include_ids":"","_relevanssi_related_exclude_ids":"","_relevanssi_related_no_append":"","_relevanssi_related_not_related":"","_relevanssi_related_posts":"","_relevanssi_noindex_reason":"","inline_featured_image":false,"footnotes":""},"class_list":["post-139","page","type-page","status-publish","hentry"],"acf":[],"lang":false,"translations":[],"_links":{"self":[{"href":"https:\/\/projektit.gtk.fi\/minextarget\/wp-json\/wp\/v2\/pages\/139","targetHints":{"allow":["GET"]}}],"collection":[{"href":"https:\/\/projektit.gtk.fi\/minextarget\/wp-json\/wp\/v2\/pages"}],"about":[{"href":"https:\/\/projektit.gtk.fi\/minextarget\/wp-json\/wp\/v2\/types\/page"}],"author":[{"embeddable":true,"href":"https:\/\/projektit.gtk.fi\/minextarget\/wp-json\/wp\/v2\/users\/11"}],"replies":[{"embeddable":true,"href":"https:\/\/projektit.gtk.fi\/minextarget\/wp-json\/wp\/v2\/comments?post=139"}],"version-history":[{"count":4,"href":"https:\/\/projektit.gtk.fi\/minextarget\/wp-json\/wp\/v2\/pages\/139\/revisions"}],"predecessor-version":[{"id":227,"href":"https:\/\/projektit.gtk.fi\/minextarget\/wp-json\/wp\/v2\/pages\/139\/revisions\/227"}],"up":[{"embeddable":true,"href":"https:\/\/projektit.gtk.fi\/minextarget\/wp-json\/wp\/v2\/pages\/136"}],"wp:attachment":[{"href":"https:\/\/projektit.gtk.fi\/minextarget\/wp-json\/wp\/v2\/media?parent=139"}],"curies":[{"name":"wp","href":"https:\/\/api.w.org\/{rel}","templated":true}]}}