{"id":1960,"date":"2024-07-10T16:45:39","date_gmt":"2024-07-10T13:45:39","guid":{"rendered":"https:\/\/projektit.gtk.fi\/malminetsinnan-ymparistovaikutukset\/?page_id=1960"},"modified":"2025-10-10T15:34:47","modified_gmt":"2025-10-10T12:34:47","slug":"ajankohtaista","status":"publish","type":"page","link":"https:\/\/projektit.gtk.fi\/malminetsinnan-ymparistovaikutukset\/ajankohtaista\/","title":{"rendered":"Ajankohtaista"},"content":{"rendered":"<p><div class=\"fusion-fullwidth fullwidth-box fusion-builder-row-1 fusion-flex-container has-pattern-background has-mask-background nonhundred-percent-fullwidth non-hundred-percent-height-scrolling fusion-no-small-visibility\" style=\"--awb-border-radius-top-left:0px;--awb-border-radius-top-right:0px;--awb-border-radius-bottom-right:0px;--awb-border-radius-bottom-left:0px;--awb-flex-wrap:wrap;\" ><div class=\"fusion-builder-row fusion-row fusion-flex-align-items-flex-start fusion-flex-content-wrap\" style=\"max-width:1664px;margin-left: calc(-4% \/ 2 );margin-right: calc(-4% \/ 2 );\"><div class=\"fusion-layout-column fusion_builder_column fusion-builder-column-0 fusion_builder_column_1_1 1_1 fusion-flex-column\" style=\"--awb-bg-size:cover;--awb-width-large:100%;--awb-margin-top-large:0px;--awb-spacing-right-large:1.92%;--awb-margin-bottom-large:20px;--awb-spacing-left-large:1.92%;--awb-width-medium:100%;--awb-order-medium:0;--awb-spacing-right-medium:1.92%;--awb-spacing-left-medium:1.92%;--awb-width-small:100%;--awb-order-small:0;--awb-spacing-right-small:1.92%;--awb-spacing-left-small:1.92%;\"><div class=\"fusion-column-wrapper fusion-column-has-shadow fusion-flex-justify-content-flex-start fusion-content-layout-column\"><div class=\"fusion-title title fusion-title-1 fusion-sep-none fusion-title-text fusion-title-size-one\"><h1 class=\"fusion-title-heading title-heading-left fusion-responsive-typography-calculated\" style=\"margin:0;--fontSize:42;line-height:1.1;\"><h1>Ajankohtaista<\/h1><\/h1><\/div><\/div><\/div><\/div><\/div><div class=\"fusion-fullwidth fullwidth-box fusion-builder-row-2 fusion-flex-container has-pattern-background has-mask-background nonhundred-percent-fullwidth non-hundred-percent-height-scrolling fusion-no-medium-visibility fusion-no-large-visibility\" style=\"--awb-border-radius-top-left:0px;--awb-border-radius-top-right:0px;--awb-border-radius-bottom-right:0px;--awb-border-radius-bottom-left:0px;--awb-padding-top:0px;--awb-padding-right:0px;--awb-padding-bottom:0px;--awb-padding-left:0px;--awb-flex-wrap:wrap;\" ><div class=\"fusion-builder-row fusion-row fusion-flex-align-items-flex-start fusion-flex-content-wrap\" style=\"max-width:1664px;margin-left: calc(-4% \/ 2 );margin-right: calc(-4% \/ 2 );\"><div class=\"fusion-layout-column fusion_builder_column fusion-builder-column-1 fusion_builder_column_1_1 1_1 fusion-flex-column\" style=\"--awb-bg-size:cover;--awb-width-large:100%;--awb-margin-top-large:0px;--awb-spacing-right-large:1.92%;--awb-margin-bottom-large:20px;--awb-spacing-left-large:1.92%;--awb-width-medium:100%;--awb-order-medium:0;--awb-spacing-right-medium:1.92%;--awb-spacing-left-medium:1.92%;--awb-width-small:100%;--awb-order-small:0;--awb-spacing-right-small:1.92%;--awb-spacing-left-small:1.92%;\"><div class=\"fusion-column-wrapper fusion-column-has-shadow fusion-flex-justify-content-flex-start fusion-content-layout-column\"><div class=\"fusion-title title fusion-title-2 fusion-sep-none fusion-title-text fusion-title-size-one\"><h1 class=\"fusion-title-heading title-heading-left fusion-responsive-typography-calculated\" style=\"margin:0;--fontSize:42;line-height:1.1;\"><h1>Ajankohtaista<\/h1><\/h1><\/div><\/div><\/div><\/div><\/div><div class=\"fusion-fullwidth fullwidth-box fusion-builder-row-3 fusion-flex-container has-pattern-background has-mask-background nonhundred-percent-fullwidth non-hundred-percent-height-scrolling fusion-no-small-visibility\" style=\"--awb-border-radius-top-left:0px;--awb-border-radius-top-right:0px;--awb-border-radius-bottom-right:0px;--awb-border-radius-bottom-left:0px;--awb-flex-wrap:wrap;\" ><div class=\"fusion-builder-row fusion-row fusion-flex-align-items-flex-start fusion-flex-content-wrap\" style=\"max-width:1664px;margin-left: calc(-4% \/ 2 );margin-right: calc(-4% \/ 2 );\"><div class=\"fusion-layout-column fusion_builder_column fusion-builder-column-2 fusion_builder_column_1_2 1_2 fusion-flex-column fusion-column-inner-bg-wrapper\" style=\"--awb-padding-right:30px;--awb-padding-bottom:30px;--awb-padding-left:30px;--awb-inner-bg-color:var(--awb-color2);--awb-inner-bg-color-hover:var(--awb-color2);--awb-inner-bg-size:cover;--awb-width-large:50%;--awb-margin-top-large:0px;--awb-spacing-right-large:3.84%;--awb-margin-bottom-large:20px;--awb-spacing-left-large:3.84%;--awb-width-medium:50%;--awb-order-medium:0;--awb-spacing-right-medium:3.84%;--awb-spacing-left-medium:3.84%;--awb-width-small:100%;--awb-order-small:0;--awb-spacing-right-small:1.92%;--awb-spacing-left-small:1.92%;\"><span class=\"fusion-column-inner-bg hover-type-none\"><a class=\"fusion-column-anchor\" href=\"https:\/\/www.gtk.fi\/ajankohtaista\/miten-malminetsinta-vaikuttaa-ymparistoon-tutkimustiedon-puute-vaikeuttaa-vaikutusten-arviointia\/\" rel=\"noopener noreferrer\" target=\"_blank\"><span class=\"fusion-column-inner-bg-image\"><\/span><\/a><\/span><div class=\"fusion-column-wrapper fusion-column-has-shadow fusion-flex-justify-content-flex-start fusion-content-layout-column\"><div class=\"fusion-title title fusion-title-3 fusion-sep-none fusion-title-text fusion-title-size-five\"><h5 class=\"fusion-title-heading title-heading-left fusion-responsive-typography-calculated\" style=\"margin:0;--fontSize:20;line-height:1.6;\"><h5 class=\"entry-title\">Miten malminetsint\u00e4 vaikuttaa ymp\u00e4rist\u00f6\u00f6n? Tutkimustiedon puute vaikeuttaa vaikutusten arviointia<\/h5><\/h5><\/div><div class=\"fusion-text fusion-text-1\"><p><a href=\"https:\/\/www.gtk.fi\/ajankohtaista\/miten-malminetsinta-vaikuttaa-ymparistoon-tutkimustiedon-puute-vaikeuttaa-vaikutusten-arviointia\/\" target=\"_blank\" rel=\"noopener\"><img decoding=\"async\" class=\"alignnone size-full wp-image-2598\" src=\"https:\/\/projektit.gtk.fi\/malminetsinnan-ymparistovaikutukset\/wp-content\/uploads\/sites\/34\/2025\/10\/gtk-malminetsinta-by-jari-vaatainen.jpg\" alt=\"Kultamalmiaiheen tutkimuskaivantoja, Ilomantsi, Pampalo. Syksyinen maisema; mets\u00e4\u00e4, j\u00e4rvi ja paljastunutta maaper\u00e4\u00e4.\" width=\"763\" height=\"551\" srcset=\"https:\/\/projektit.gtk.fi\/malminetsinnan-ymparistovaikutukset\/wp-content\/uploads\/sites\/34\/2025\/10\/gtk-malminetsinta-by-jari-vaatainen-150x108.jpg 150w, https:\/\/projektit.gtk.fi\/malminetsinnan-ymparistovaikutukset\/wp-content\/uploads\/sites\/34\/2025\/10\/gtk-malminetsinta-by-jari-vaatainen-200x144.jpg 200w, https:\/\/projektit.gtk.fi\/malminetsinnan-ymparistovaikutukset\/wp-content\/uploads\/sites\/34\/2025\/10\/gtk-malminetsinta-by-jari-vaatainen-400x289.jpg 400w, https:\/\/projektit.gtk.fi\/malminetsinnan-ymparistovaikutukset\/wp-content\/uploads\/sites\/34\/2025\/10\/gtk-malminetsinta-by-jari-vaatainen-600x433.jpg 600w, https:\/\/projektit.gtk.fi\/malminetsinnan-ymparistovaikutukset\/wp-content\/uploads\/sites\/34\/2025\/10\/gtk-malminetsinta-by-jari-vaatainen.jpg 763w\" sizes=\"(max-width: 763px) 100vw, 763px\" \/><\/a><\/p>\n<\/div><\/div><\/div><\/div><\/div><\/p>\n","protected":false},"excerpt":{"rendered":"","protected":false},"author":20,"featured_media":0,"parent":0,"menu_order":0,"comment_status":"closed","ping_status":"closed","template":"","meta":{"_acf_changed":false,"_relevanssi_hide_post":"","_relevanssi_hide_content":"","_relevanssi_pin_for_all":"","_relevanssi_pin_keywords":"","_relevanssi_unpin_keywords":"","_relevanssi_related_keywords":"","_relevanssi_related_include_ids":"","_relevanssi_related_exclude_ids":"","_relevanssi_related_no_append":"","_relevanssi_related_not_related":"","_relevanssi_related_posts":"","_relevanssi_noindex_reason":"","inline_featured_image":false,"footnotes":""},"class_list":["post-1960","page","type-page","status-publish","hentry"],"acf":[],"lang":false,"translations":[],"_links":{"self":[{"href":"https:\/\/projektit.gtk.fi\/malminetsinnan-ymparistovaikutukset\/wp-json\/wp\/v2\/pages\/1960","targetHints":{"allow":["GET"]}}],"collection":[{"href":"https:\/\/projektit.gtk.fi\/malminetsinnan-ymparistovaikutukset\/wp-json\/wp\/v2\/pages"}],"about":[{"href":"https:\/\/projektit.gtk.fi\/malminetsinnan-ymparistovaikutukset\/wp-json\/wp\/v2\/types\/page"}],"author":[{"embeddable":true,"href":"https:\/\/projektit.gtk.fi\/malminetsinnan-ymparistovaikutukset\/wp-json\/wp\/v2\/users\/20"}],"replies":[{"embeddable":true,"href":"https:\/\/projektit.gtk.fi\/malminetsinnan-ymparistovaikutukset\/wp-json\/wp\/v2\/comments?post=1960"}],"version-history":[{"count":18,"href":"https:\/\/projektit.gtk.fi\/malminetsinnan-ymparistovaikutukset\/wp-json\/wp\/v2\/pages\/1960\/revisions"}],"predecessor-version":[{"id":2601,"href":"https:\/\/projektit.gtk.fi\/malminetsinnan-ymparistovaikutukset\/wp-json\/wp\/v2\/pages\/1960\/revisions\/2601"}],"wp:attachment":[{"href":"https:\/\/projektit.gtk.fi\/malminetsinnan-ymparistovaikutukset\/wp-json\/wp\/v2\/media?parent=1960"}],"curies":[{"name":"wp","href":"https:\/\/api.w.org\/{rel}","templated":true}]}}