{"id":135,"date":"2022-04-08T10:41:04","date_gmt":"2022-04-08T09:41:04","guid":{"rendered":"https:\/\/dronesom.com\/projects\/?page_id=2"},"modified":"2026-01-30T16:51:59","modified_gmt":"2026-01-30T14:51:59","slug":"sample-page-2","status":"publish","type":"page","link":"https:\/\/projektit.gtk.fi\/malminetsinnan-ymparistovaikutukset\/","title":{"rendered":"Yleisesittely"},"content":{"rendered":"<p><div class=\"fusion-fullwidth fullwidth-box fusion-builder-row-1 fusion-flex-container has-pattern-background has-mask-background nonhundred-percent-fullwidth non-hundred-percent-height-scrolling\" style=\"--awb-border-radius-top-left:0px;--awb-border-radius-top-right:0px;--awb-border-radius-bottom-right:0px;--awb-border-radius-bottom-left:0px;--awb-padding-right-medium:15px;--awb-padding-left-medium:15px;--awb-padding-top-small:0px;--awb-padding-right-small:0px;--awb-padding-bottom-small:0px;--awb-padding-left-small:0px;--awb-margin-top:30px;--awb-margin-bottom:30px;--awb-flex-wrap:wrap;\" ><div class=\"fusion-builder-row fusion-row fusion-flex-align-items-flex-start fusion-flex-content-wrap\" style=\"max-width:1664px;margin-left: calc(-4% \/ 2 );margin-right: calc(-4% \/ 2 );\"><div class=\"fusion-layout-column fusion_builder_column fusion-builder-column-0 fusion_builder_column_1_2 1_2 fusion-flex-column fusion-flex-align-self-flex-start\" style=\"--awb-padding-right:30px;--awb-bg-size:cover;--awb-width-large:50%;--awb-margin-top-large:0px;--awb-spacing-right-large:3.84%;--awb-margin-bottom-large:20px;--awb-spacing-left-large:3.84%;--awb-width-medium:50%;--awb-order-medium:0;--awb-spacing-right-medium:3.84%;--awb-spacing-left-medium:3.84%;--awb-width-small:100%;--awb-order-small:0;--awb-spacing-right-small:1.92%;--awb-spacing-left-small:1.92%;\"><div class=\"fusion-column-wrapper fusion-column-has-shadow fusion-flex-justify-content-flex-start fusion-content-layout-column\"><div class=\"fusion-title title fusion-title-1 fusion-sep-none fusion-title-text fusion-title-size-one\" style=\"--awb-margin-top:-50px;--awb-margin-bottom:0px;\"><h1 class=\"fusion-title-heading title-heading-left fusion-responsive-typography-calculated\" style=\"margin:0;--fontSize:42;line-height:1.1;\"><h1><strong>Tutkittua tietoa malminetsinn\u00e4n ymp\u00e4rist\u00f6vaikutuksista<\/strong><\/h1><\/h1><\/div><\/div><\/div><div class=\"fusion-layout-column fusion_builder_column fusion-builder-column-1 fusion_builder_column_1_2 1_2 fusion-flex-column\" style=\"--awb-padding-top-small:0px;--awb-padding-right-small:0px;--awb-padding-bottom-small:0px;--awb-padding-left-small:0px;--awb-bg-size:cover;--awb-width-large:50%;--awb-margin-top-large:-24px;--awb-spacing-right-large:3.84%;--awb-margin-bottom-large:20px;--awb-spacing-left-large:3.84%;--awb-width-medium:50%;--awb-order-medium:0;--awb-spacing-right-medium:3.84%;--awb-spacing-left-medium:3.84%;--awb-width-small:100%;--awb-order-small:0;--awb-spacing-right-small:1.92%;--awb-spacing-left-small:1.92%;\"><div class=\"fusion-column-wrapper fusion-column-has-shadow fusion-flex-justify-content-flex-start fusion-content-layout-column\"><div class=\"fusion-text fusion-text-1 fusion-text-no-margin\"><h5>Malminetsinn\u00e4n ymp\u00e4rist\u00f6vaikutuksista on olemassa v\u00e4h\u00e4n tutkimustietoa. Malminetsinn\u00e4n ymp\u00e4rist\u00f6vaikutukset -projektin tavoitteena on vahvistaa tietopohjaa ja l\u00f6yt\u00e4\u00e4 tehokkaimmat menetelm\u00e4t vaikutusten tutkimiseen ja arviointiin.<\/h5>\n<\/div><\/div><\/div><\/div><\/div><div class=\"fusion-fullwidth fullwidth-box fusion-builder-row-2 fusion-flex-container has-pattern-background has-mask-background nonhundred-percent-fullwidth non-hundred-percent-height-scrolling\" style=\"--awb-border-radius-top-left:0px;--awb-border-radius-top-right:0px;--awb-border-radius-bottom-right:0px;--awb-border-radius-bottom-left:0px;--awb-padding-right-medium:15px;--awb-padding-left-medium:15px;--awb-padding-right-small:8px;--awb-padding-left-small:8px;--awb-flex-wrap:wrap;\" ><div class=\"fusion-builder-row fusion-row fusion-flex-align-items-flex-start fusion-flex-content-wrap\" style=\"max-width:1664px;margin-left: calc(-4% \/ 2 );margin-right: calc(-4% \/ 2 );\"><div class=\"fusion-layout-column fusion_builder_column fusion-builder-column-2 fusion_builder_column_1_1 1_1 fusion-flex-column\" style=\"--awb-bg-size:cover;--awb-width-large:100%;--awb-margin-top-large:0px;--awb-spacing-right-large:1.92%;--awb-margin-bottom-large:20px;--awb-spacing-left-large:1.92%;--awb-width-medium:100%;--awb-order-medium:0;--awb-spacing-right-medium:1.92%;--awb-spacing-left-medium:1.92%;--awb-width-small:100%;--awb-order-small:0;--awb-spacing-right-small:1.92%;--awb-spacing-left-small:1.92%;\"><div class=\"fusion-column-wrapper fusion-column-has-shadow fusion-flex-justify-content-flex-start fusion-content-layout-column\"><div class=\"fusion-separator fusion-full-width-sep\" style=\"align-self: center;margin-left: auto;margin-right: auto;width:100%;\"><div class=\"fusion-separator-border sep-single sep-solid\" style=\"--awb-height:20px;--awb-amount:20px;--awb-sep-color:#e7e7e7;border-color:#e7e7e7;border-top-width:1px;\"><\/div><\/div><\/div><\/div><\/div><\/div><div class=\"fusion-fullwidth fullwidth-box fusion-builder-row-3 fusion-flex-container has-pattern-background has-mask-background nonhundred-percent-fullwidth non-hundred-percent-height-scrolling\" style=\"--awb-border-radius-top-left:0px;--awb-border-radius-top-right:0px;--awb-border-radius-bottom-right:0px;--awb-border-radius-bottom-left:0px;--awb-padding-top-small:0px;--awb-padding-right-small:0px;--awb-padding-bottom-small:0px;--awb-padding-left-small:0px;--awb-flex-wrap:wrap;\" ><div class=\"fusion-builder-row fusion-row fusion-flex-align-items-flex-start fusion-flex-content-wrap\" style=\"max-width:1664px;margin-left: calc(-4% \/ 2 );margin-right: calc(-4% \/ 2 );\"><div class=\"fusion-layout-column fusion_builder_column fusion-builder-column-3 fusion_builder_column_1_1 1_1 fusion-flex-column\" style=\"--awb-bg-size:cover;--awb-width-large:100%;--awb-margin-top-large:0px;--awb-spacing-right-large:1.92%;--awb-margin-bottom-large:20px;--awb-spacing-left-large:1.92%;--awb-width-medium:100%;--awb-order-medium:0;--awb-spacing-right-medium:1.92%;--awb-spacing-left-medium:1.92%;--awb-width-small:100%;--awb-order-small:0;--awb-spacing-right-small:1.92%;--awb-spacing-left-small:1.92%;\"><div class=\"fusion-column-wrapper fusion-column-has-shadow fusion-flex-justify-content-flex-start fusion-content-layout-column\"><div class=\"fusion-title title fusion-title-2 fusion-sep-none fusion-title-text fusion-title-size-two\"><h2 class=\"fusion-title-heading title-heading-left fusion-responsive-typography-calculated\" style=\"margin:0;--fontSize:36;line-height:1.11;\"><h2>Projektin tavoitteet<\/h2><\/h2><\/div><\/div><\/div><\/div><\/div><div class=\"fusion-fullwidth fullwidth-box fusion-builder-row-4 fusion-flex-container has-pattern-background has-mask-background nonhundred-percent-fullwidth non-hundred-percent-height-scrolling\" style=\"--awb-border-radius-top-left:0px;--awb-border-radius-top-right:0px;--awb-border-radius-bottom-right:0px;--awb-border-radius-bottom-left:0px;--awb-padding-top:40px;--awb-padding-bottom:35px;--awb-padding-right-medium:15px;--awb-padding-left-medium:15px;--awb-padding-right-small:8px;--awb-padding-left-small:8px;--awb-flex-wrap:wrap;\" ><div class=\"fusion-builder-row fusion-row fusion-flex-align-items-flex-start fusion-flex-content-wrap\" style=\"max-width:1664px;margin-left: calc(-4% \/ 2 );margin-right: calc(-4% \/ 2 );\"><div class=\"fusion-layout-column fusion_builder_column fusion-builder-column-4 fusion_builder_column_1_2 1_2 fusion-flex-column\" style=\"--awb-padding-right:40px;--awb-bg-size:cover;--awb-width-large:50%;--awb-margin-top-large:-25px;--awb-spacing-right-large:3.84%;--awb-margin-bottom-large:20px;--awb-spacing-left-large:3.84%;--awb-width-medium:50%;--awb-order-medium:0;--awb-spacing-right-medium:3.84%;--awb-spacing-left-medium:3.84%;--awb-width-small:100%;--awb-order-small:0;--awb-spacing-right-small:1.92%;--awb-spacing-left-small:1.92%;\"><div class=\"fusion-column-wrapper fusion-column-has-shadow fusion-flex-justify-content-flex-start fusion-content-layout-column\"><div class=\"fusion-text fusion-text-2\"><p>Projektin tavoitteena on tuottaa puolueetonta tutkimustietoa malminetsinn\u00e4n ymp\u00e4rist\u00f6vaikutuksista muun muassa viranomaisille, yrityksille, j\u00e4rjest\u00f6ille ja tutkijoille. Projektissa keskityt\u00e4\u00e4n etenkin kairausten ymp\u00e4rist\u00f6vaikutuksiin. Erityisi\u00e4 kysymyksi\u00e4, joihin pyrit\u00e4\u00e4n vastaamaan, ovat muun muassa kairausten vaikutukset pohjaveteen, kairauskemikaalien ymp\u00e4rist\u00f6vaikutukset sek\u00e4 vaikutukset biodiversiteettiin maa- ja vesiymp\u00e4rist\u00f6iss\u00e4.<\/p>\n<p>Projektissa kehitet\u00e4\u00e4n konseptia useassa mittakaavassa suoritettavaan pohjavesi- ja vesist\u00f6vaikutusten tutkimiseen ja arviointiin, tehd\u00e4\u00e4n tietokantaselvitys kairauksen apuaineista sek\u00e4 kartoitetaan DNA-pohjaisten menetelmien k\u00e4ytt\u00f6kelpoisuutta ymp\u00e4rist\u00f6vaikutusten arvioinnissa. Lis\u00e4ksi kehitet\u00e4\u00e4n tarinakarttojen hy\u00f6dynt\u00e4mist\u00e4 tutkimusaineiston esitt\u00e4misess\u00e4 ja julkaisemisessa.<\/p>\n<\/div><\/div><\/div><div class=\"fusion-layout-column fusion_builder_column fusion-builder-column-5 fusion_builder_column_1_2 1_2 fusion-flex-column\" style=\"--awb-bg-size:cover;--awb-width-large:50%;--awb-margin-top-large:-90px;--awb-spacing-right-large:3.84%;--awb-margin-bottom-large:20px;--awb-spacing-left-large:3.84%;--awb-width-medium:50%;--awb-order-medium:0;--awb-spacing-right-medium:3.84%;--awb-spacing-left-medium:3.84%;--awb-width-small:100%;--awb-order-small:0;--awb-margin-top-small:0;--awb-spacing-right-small:1.92%;--awb-margin-bottom-small:0;--awb-spacing-left-small:1.92%;\"><div class=\"fusion-column-wrapper fusion-column-has-shadow fusion-flex-justify-content-flex-start fusion-content-layout-column\"><div class=\"fusion-image-element \" style=\"--awb-caption-title-font-family:var(--h2_typography-font-family);--awb-caption-title-font-weight:var(--h2_typography-font-weight);--awb-caption-title-font-style:var(--h2_typography-font-style);--awb-caption-title-size:var(--h2_typography-font-size);--awb-caption-title-transform:var(--h2_typography-text-transform);--awb-caption-title-line-height:var(--h2_typography-line-height);--awb-caption-title-letter-spacing:var(--h2_typography-letter-spacing);\"><span class=\" fusion-imageframe imageframe-none imageframe-1 hover-type-none\"><img decoding=\"async\" width=\"800\" height=\"640\" alt=\"Karttakuva Suomesta, jossa projektin tutkimusalue Pohjois-Suomi on harmaalla korostettu. Kartassa on mukana projektin toteuttajien ja rahoittajien logot.\" title=\"Malminetsinnan-ymparistovaikutukset-kartta-FI-01-2026\" src=\"https:\/\/projektit.gtk.fi\/malminetsinnan-ymparistovaikutukset\/wp-content\/uploads\/sites\/34\/2026\/01\/Malminetsinnan-ymparistovaikutukset-kartta-FI-01-2026.jpg\" class=\"img-responsive wp-image-2646\" srcset=\"https:\/\/projektit.gtk.fi\/malminetsinnan-ymparistovaikutukset\/wp-content\/uploads\/sites\/34\/2026\/01\/Malminetsinnan-ymparistovaikutukset-kartta-FI-01-2026-200x160.jpg 200w, https:\/\/projektit.gtk.fi\/malminetsinnan-ymparistovaikutukset\/wp-content\/uploads\/sites\/34\/2026\/01\/Malminetsinnan-ymparistovaikutukset-kartta-FI-01-2026-400x320.jpg 400w, https:\/\/projektit.gtk.fi\/malminetsinnan-ymparistovaikutukset\/wp-content\/uploads\/sites\/34\/2026\/01\/Malminetsinnan-ymparistovaikutukset-kartta-FI-01-2026-600x480.jpg 600w, https:\/\/projektit.gtk.fi\/malminetsinnan-ymparistovaikutukset\/wp-content\/uploads\/sites\/34\/2026\/01\/Malminetsinnan-ymparistovaikutukset-kartta-FI-01-2026.jpg 800w\" sizes=\"(max-width: 960px) 100vw, 800px\" \/><\/span><\/div><\/div><\/div><\/div><\/div><div class=\"fusion-fullwidth fullwidth-box fusion-builder-row-5 fusion-flex-container has-pattern-background has-mask-background nonhundred-percent-fullwidth non-hundred-percent-height-scrolling\" style=\"--awb-border-radius-top-left:0px;--awb-border-radius-top-right:0px;--awb-border-radius-bottom-right:0px;--awb-border-radius-bottom-left:0px;--awb-flex-wrap:wrap;\" ><div class=\"fusion-builder-row fusion-row fusion-flex-align-items-flex-start fusion-flex-content-wrap\" style=\"max-width:1664px;margin-left: calc(-4% \/ 2 );margin-right: calc(-4% \/ 2 );\"><div class=\"fusion-layout-column fusion_builder_column fusion-builder-column-6 fusion_builder_column_1_1 1_1 fusion-flex-column\" style=\"--awb-bg-size:cover;--awb-width-large:100%;--awb-margin-top-large:0px;--awb-spacing-right-large:1.92%;--awb-margin-bottom-large:20px;--awb-spacing-left-large:1.92%;--awb-width-medium:100%;--awb-order-medium:0;--awb-spacing-right-medium:1.92%;--awb-spacing-left-medium:1.92%;--awb-width-small:100%;--awb-order-small:0;--awb-spacing-right-small:1.92%;--awb-spacing-left-small:1.92%;\"><div class=\"fusion-column-wrapper fusion-column-has-shadow fusion-flex-justify-content-flex-start fusion-content-layout-column\"><div class=\"fusion-separator fusion-full-width-sep\" style=\"align-self: center;margin-left: auto;margin-right: auto;width:100%;\"><div class=\"fusion-separator-border sep-single sep-solid\" style=\"--awb-height:20px;--awb-amount:20px;border-color:var(--awb-color3);border-top-width:1px;\"><\/div><\/div><\/div><\/div><\/div><\/div><div class=\"fusion-fullwidth fullwidth-box fusion-builder-row-6 fusion-flex-container has-pattern-background has-mask-background nonhundred-percent-fullwidth non-hundred-percent-height-scrolling\" style=\"--awb-border-radius-top-left:0px;--awb-border-radius-top-right:0px;--awb-border-radius-bottom-right:0px;--awb-border-radius-bottom-left:0px;--awb-padding-top-small:0px;--awb-padding-right-small:0px;--awb-padding-bottom-small:0px;--awb-padding-left-small:0px;--awb-flex-wrap:wrap;\" ><div class=\"fusion-builder-row fusion-row fusion-flex-align-items-flex-start fusion-flex-content-wrap\" style=\"max-width:1664px;margin-left: calc(-4% \/ 2 );margin-right: calc(-4% \/ 2 );\"><div class=\"fusion-layout-column fusion_builder_column fusion-builder-column-7 fusion_builder_column_1_1 1_1 fusion-flex-column\" style=\"--awb-bg-size:cover;--awb-width-large:100%;--awb-margin-top-large:0px;--awb-spacing-right-large:1.92%;--awb-margin-bottom-large:20px;--awb-spacing-left-large:1.92%;--awb-width-medium:100%;--awb-order-medium:0;--awb-spacing-right-medium:1.92%;--awb-spacing-left-medium:1.92%;--awb-width-small:100%;--awb-order-small:0;--awb-spacing-right-small:1.92%;--awb-spacing-left-small:1.92%;\"><div class=\"fusion-column-wrapper fusion-column-has-shadow fusion-flex-justify-content-flex-start fusion-content-layout-column\"><div class=\"fusion-title title fusion-title-3 fusion-sep-none fusion-title-text fusion-title-size-two\"><h2 class=\"fusion-title-heading title-heading-left fusion-responsive-typography-calculated\" style=\"margin:0;--fontSize:36;line-height:1.11;\"><h2>Projektin taustalla<\/h2><\/h2><\/div><\/div><\/div><\/div><\/div><div class=\"fusion-fullwidth fullwidth-box fusion-builder-row-7 fusion-flex-container has-pattern-background has-mask-background nonhundred-percent-fullwidth non-hundred-percent-height-scrolling\" style=\"--awb-border-radius-top-left:0px;--awb-border-radius-top-right:0px;--awb-border-radius-bottom-right:0px;--awb-border-radius-bottom-left:0px;--awb-padding-top-small:0px;--awb-padding-right-small:0px;--awb-padding-bottom-small:0px;--awb-padding-left-small:0px;--awb-flex-wrap:wrap;\" ><div class=\"fusion-builder-row fusion-row fusion-flex-align-items-flex-start fusion-flex-content-wrap\" style=\"max-width:1664px;margin-left: calc(-4% \/ 2 );margin-right: calc(-4% \/ 2 );\"><div class=\"fusion-layout-column fusion_builder_column fusion-builder-column-8 fusion_builder_column_1_2 1_2 fusion-flex-column\" style=\"--awb-bg-size:cover;--awb-width-large:50%;--awb-margin-top-large:0px;--awb-spacing-right-large:3.84%;--awb-margin-bottom-large:20px;--awb-spacing-left-large:3.84%;--awb-width-medium:50%;--awb-order-medium:0;--awb-spacing-right-medium:3.84%;--awb-spacing-left-medium:3.84%;--awb-width-small:100%;--awb-order-small:0;--awb-spacing-right-small:1.92%;--awb-spacing-left-small:1.92%;\"><div class=\"fusion-column-wrapper fusion-column-has-shadow fusion-flex-justify-content-flex-start fusion-content-layout-column\"><div class=\"fusion-text fusion-text-3\"><p>Kairausten mahdolliset ymp\u00e4rist\u00f6vaikutukset ovat aiheuttaneet erimielisyytt\u00e4 luonnonsuojeluj\u00e4rjest\u00f6jen, malminetsint\u00e4yritysten ja viranomaisten v\u00e4lille. Malminetsint\u00e4luvista valitetaan usein hallinto-oikeuteen ja valitusten sek\u00e4 vastineiden my\u00f6t\u00e4 on havaittu, ett\u00e4 tutkittua tietoa malminetsinn\u00e4n ymp\u00e4rist\u00f6vaikutuksista on l\u00f6ydett\u00e4viss\u00e4 vain v\u00e4h\u00e4n. Valituksissa malminetsinn\u00e4n ymp\u00e4rist\u00f6vaikutukset vertautuvatkin usein kaivostoiminnan ymp\u00e4rist\u00f6vaikutuksiin.<\/p>\n<p>Korkeimman hallinto-oikeuden p\u00e4\u00e4t\u00f6ksess\u00e4 (KHO:2024:97) katsottiin syv\u00e4kairauksen maanpinnalle nousevan kiviaineksen eli kairaussoijan olevan kaivannaisj\u00e4tett\u00e4, jolle tulee laatia kaivannaisj\u00e4tteen j\u00e4tehuoltosuunnitelma. T\u00e4m\u00e4 p\u00e4\u00e4t\u00f6s lis\u00e4\u00e4 tarvetta kairausten ymp\u00e4rist\u00f6vaikutusten ymm\u00e4rt\u00e4miseen sek\u00e4 kairaussoijan parempaan karakterisointiin.<\/p>\n<p>Projektissa selvitet\u00e4\u00e4n malminetsinn\u00e4n ymp\u00e4rist\u00f6vaikutuksia nelj\u00e4n teeman kautta:<\/p>\n<p style=\"padding-left: 40px;\">\u2022 pinta- ja pohjavesi<br \/>\n\u2022 kairausten apuaineet<br \/>\n\u2022 kairaussoija<br \/>\n\u2022 kairauksen ymp\u00e4rist\u00f6vaikutukset<\/p>\n<\/div><\/div><\/div><div class=\"fusion-layout-column fusion_builder_column fusion-builder-column-9 fusion_builder_column_1_2 1_2 fusion-flex-column\" style=\"--awb-padding-left:50px;--awb-padding-left-small:0px;--awb-bg-size:cover;--awb-width-large:50%;--awb-margin-top-large:-40px;--awb-spacing-right-large:3.84%;--awb-margin-bottom-large:20px;--awb-spacing-left-large:3.84%;--awb-width-medium:50%;--awb-order-medium:0;--awb-spacing-right-medium:3.84%;--awb-spacing-left-medium:3.84%;--awb-width-small:100%;--awb-order-small:0;--awb-spacing-right-small:1.92%;--awb-spacing-left-small:1.92%;\"><div class=\"fusion-column-wrapper fusion-column-has-shadow fusion-flex-justify-content-flex-start fusion-content-layout-column\"><div class=\"fusion-title title fusion-title-4 fusion-sep-none fusion-title-text fusion-title-size-three\"><h3 class=\"fusion-title-heading title-heading-left fusion-responsive-typography-calculated\" style=\"margin:0;--fontSize:30;line-height:1.33;\"><h3>Projektikumppanit<\/h3><\/h3><\/div><div class=\"fusion-text fusion-text-4\" style=\"--awb-margin-top:-16px;\"><p>Malminetsinn\u00e4n ymp\u00e4rist\u00f6vaikutukset -projekti toteutetaan Geologian tutkimuskeskuksen (GTK) ja Suomen ymp\u00e4rist\u00f6keskuksen (Syke) yhteisty\u00f6n\u00e4.<\/p>\n<\/div><div class=\"fusion-title title fusion-title-5 fusion-sep-none fusion-title-text fusion-title-size-three\"><h3 class=\"fusion-title-heading title-heading-left fusion-responsive-typography-calculated\" style=\"margin:0;--fontSize:30;line-height:1.33;\"><h3>Rahoitus<\/h3><\/h3><\/div><div class=\"fusion-text fusion-text-5\" style=\"--awb-margin-top:-16px;\"><p>Euroopan aluekehitysrahasto, Uudistuva ja osaava Suomi 2021\u20122027 EU:n alue- ja rakennepolitiikan ohjelma, Pohjois-Suomen elinvoimakeskus. Projektia rahoittavat lis\u00e4ksi Sokli Oy, Boliden Kevitsa Mining Oy, Kingsrose Mining Ltd., Suhanko Arctic Platinum Oy, Imdex Limited sek\u00e4 Rupert Exploration Oy.<\/p>\n<\/div><div class=\"fusion-title title fusion-title-6 fusion-sep-none fusion-title-text fusion-title-size-three\"><h3 class=\"fusion-title-heading title-heading-left fusion-responsive-typography-calculated\" style=\"margin:0;--fontSize:30;line-height:1.33;\"><h3>Budjetti<\/h3><\/h3><\/div><div class=\"fusion-text fusion-text-6\" style=\"--awb-margin-top:-16px;\"><p>Projektin kokonaisbudjetti on 542\u00a0895 \u20ac.<\/p>\n<\/div><\/div><\/div><\/div><\/div><\/p>\n","protected":false},"excerpt":{"rendered":"","protected":false},"author":20,"featured_media":2559,"parent":0,"menu_order":0,"comment_status":"closed","ping_status":"closed","template":"","meta":{"_acf_changed":false,"_relevanssi_hide_post":"","_relevanssi_hide_content":"","_relevanssi_pin_for_all":"","_relevanssi_pin_keywords":"","_relevanssi_unpin_keywords":"","_relevanssi_related_keywords":"","_relevanssi_related_include_ids":"","_relevanssi_related_exclude_ids":"","_relevanssi_related_no_append":"","_relevanssi_related_not_related":"","_relevanssi_related_posts":"","_relevanssi_noindex_reason":"","inline_featured_image":false,"footnotes":""},"class_list":["post-135","page","type-page","status-publish","has-post-thumbnail","hentry"],"acf":[],"lang":false,"translations":[],"_links":{"self":[{"href":"https:\/\/projektit.gtk.fi\/malminetsinnan-ymparistovaikutukset\/wp-json\/wp\/v2\/pages\/135","targetHints":{"allow":["GET"]}}],"collection":[{"href":"https:\/\/projektit.gtk.fi\/malminetsinnan-ymparistovaikutukset\/wp-json\/wp\/v2\/pages"}],"about":[{"href":"https:\/\/projektit.gtk.fi\/malminetsinnan-ymparistovaikutukset\/wp-json\/wp\/v2\/types\/page"}],"author":[{"embeddable":true,"href":"https:\/\/projektit.gtk.fi\/malminetsinnan-ymparistovaikutukset\/wp-json\/wp\/v2\/users\/20"}],"replies":[{"embeddable":true,"href":"https:\/\/projektit.gtk.fi\/malminetsinnan-ymparistovaikutukset\/wp-json\/wp\/v2\/comments?post=135"}],"version-history":[{"count":117,"href":"https:\/\/projektit.gtk.fi\/malminetsinnan-ymparistovaikutukset\/wp-json\/wp\/v2\/pages\/135\/revisions"}],"predecessor-version":[{"id":2648,"href":"https:\/\/projektit.gtk.fi\/malminetsinnan-ymparistovaikutukset\/wp-json\/wp\/v2\/pages\/135\/revisions\/2648"}],"wp:featuredmedia":[{"embeddable":true,"href":"https:\/\/projektit.gtk.fi\/malminetsinnan-ymparistovaikutukset\/wp-json\/wp\/v2\/media\/2559"}],"wp:attachment":[{"href":"https:\/\/projektit.gtk.fi\/malminetsinnan-ymparistovaikutukset\/wp-json\/wp\/v2\/media?parent=135"}],"curies":[{"name":"wp","href":"https:\/\/api.w.org\/{rel}","templated":true}]}}