{"id":2455,"date":"2025-03-03T10:02:47","date_gmt":"2025-03-03T08:02:47","guid":{"rendered":"https:\/\/projektit.gtk.fi\/geoenergialoikka\/?page_id=2455"},"modified":"2025-03-03T10:02:47","modified_gmt":"2025-03-03T08:02:47","slug":"raportti-kymenlaakson-energiakaivon-porauspaikan-valinnasta-julkaistu","status":"publish","type":"page","link":"https:\/\/projektit.gtk.fi\/geoenergialoikka\/raportti-kymenlaakson-energiakaivon-porauspaikan-valinnasta-julkaistu\/","title":{"rendered":"Raportti Kymenlaakson energiakaivon porauspaikan valinnasta julkaistu"},"content":{"rendered":"<div class=\"fusion-fullwidth fullwidth-box fusion-builder-row-1 fusion-flex-container has-pattern-background has-mask-background nonhundred-percent-fullwidth non-hundred-percent-height-scrolling\" style=\"--awb-border-radius-top-left:0px;--awb-border-radius-top-right:0px;--awb-border-radius-bottom-right:0px;--awb-border-radius-bottom-left:0px;--awb-flex-wrap:wrap;\" ><div class=\"fusion-builder-row fusion-row fusion-flex-align-items-flex-start fusion-flex-content-wrap\" style=\"max-width:1664px;margin-left: calc(-4% \/ 2 );margin-right: calc(-4% \/ 2 );\"><div class=\"fusion-layout-column fusion_builder_column fusion-builder-column-0 fusion_builder_column_1_2 1_2 fusion-flex-column\" style=\"--awb-bg-size:cover;--awb-width-large:50%;--awb-margin-top-large:0px;--awb-spacing-right-large:3.84%;--awb-margin-bottom-large:20px;--awb-spacing-left-large:3.84%;--awb-width-medium:50%;--awb-order-medium:0;--awb-spacing-right-medium:3.84%;--awb-spacing-left-medium:3.84%;--awb-width-small:100%;--awb-order-small:0;--awb-spacing-right-small:1.92%;--awb-spacing-left-small:1.92%;\"><div class=\"fusion-column-wrapper fusion-column-has-shadow fusion-flex-justify-content-flex-start fusion-content-layout-column\"><div class=\"fusion-title title fusion-title-1 fusion-sep-none fusion-title-text fusion-title-size-three\"><h3 class=\"fusion-title-heading title-heading-left fusion-responsive-typography-calculated\" style=\"margin:0;--fontSize:30;line-height:1.33;\"><h3><strong>Geoenergialoikka \u2013 raportti Kymenlaakson energiakaivon porauspaikan valinnasta julkaistu<\/strong><\/h3><\/h3><\/div><div class=\"fusion-text fusion-text-1\"><p>Geologian tutkimuskeskuksen (GTK) raportti esittelee Kaakkois-Suomen ammattikorkeakoulun (XAMK) uusiutuvan energian testausymp\u00e4rist\u00f6\u00e4 varten poratun keskisyv\u00e4n energiakaivon paikanvalintaan liittyv\u00e4t tutkimukset.<br \/>\nAlustava paikanvalinta tehtiin olemassa olevien geotietoaineistojen sek\u00e4 maanj\u00e4ristystietojen perusteella. Lupaavimmaksi osoittautuneella kohteella Kotkan Sunilassa suoritettiin geologinen maastokatselmus, painovoimamittauksia, passiivisseisminen SPAC-mittaus sek\u00e4 heijastusseisminen 3D-mittaus. Tutkimusten tavoitteena oli kallioper\u00e4n ominaisuuksien selvitt\u00e4minen sek\u00e4 erityisesti porausta haittaavien heikkousvy\u00f6hykkeiden ennakoiva tunnistaminen. Kyseisell\u00e4 menettelyll\u00e4 ja porausurakoitsijan ammattiaidolla Kotkan Sunilaan porattiin 817 metri\u00e4 syv\u00e4 energiakaivo onnistuneesti.<\/p>\n<p>Raportti on ladattavissa GTK:n Hakku-palvelusta osoitteesta <a href=\"https:\/\/eur04.safelinks.protection.outlook.com\/?url=https%3A%2F%2Fhakku.gtk.fi%2Ffi%2Fpublications%3Fid%3D100124&amp;data=05%7C02%7Cjari.vaatainen%40gtk.fi%7C9de76c70305b420d486d08dd57f53792%7C060cdb8543cf4df1b99818fe372e407a%7C0%7C0%7C638763432953633071%7CUnknown%7CTWFpbGZsb3d8eyJFbXB0eU1hcGkiOnRydWUsIlYiOiIwLjAuMDAwMCIsIlAiOiJXaW4zMiIsIkFOIjoiTWFpbCIsIldUIjoyfQ%3D%3D%7C0%7C%7C%7C&amp;sdata=2gUh6B0qhRkfKY215bC%2BEfZXiqid3XfHht3aBzaRGH4%3D&amp;reserved=0\">https:\/\/hakku.gtk.fi\/fi\/publications?id=100124<\/a><\/p>\n<\/div><div class=\"fusion-text fusion-text-2\" style=\"--awb-margin-top:20px;\"><p>Lis\u00e4tietoja:<br \/>\n<strong>Tuija Luhta<\/strong>, ryhm\u00e4p\u00e4\u00e4llikk\u00f6<br \/>\nGeologian tutkimuskeskus GTK<br \/>\n<a href=\"mailto:tuija.luhta@gtk.fi\">tuija.luhta@gtk.fi<\/a><br \/>\npuh. 050 325 7358<\/p>\n<\/div><\/div><\/div><div class=\"fusion-layout-column fusion_builder_column fusion-builder-column-1 fusion_builder_column_1_2 1_2 fusion-flex-column\" style=\"--awb-bg-size:cover;--awb-width-large:50%;--awb-margin-top-large:30px;--awb-spacing-right-large:3.84%;--awb-margin-bottom-large:20px;--awb-spacing-left-large:3.84%;--awb-width-medium:50%;--awb-order-medium:0;--awb-spacing-right-medium:3.84%;--awb-spacing-left-medium:3.84%;--awb-width-small:100%;--awb-order-small:0;--awb-spacing-right-small:1.92%;--awb-spacing-left-small:1.92%;\"><div class=\"fusion-column-wrapper fusion-column-has-shadow fusion-flex-justify-content-flex-start fusion-content-layout-column\"><div class=\"fusion-image-element \" style=\"--awb-caption-title-font-family:var(--h2_typography-font-family);--awb-caption-title-font-weight:var(--h2_typography-font-weight);--awb-caption-title-font-style:var(--h2_typography-font-style);--awb-caption-title-size:var(--h2_typography-font-size);--awb-caption-title-transform:var(--h2_typography-text-transform);--awb-caption-title-line-height:var(--h2_typography-line-height);--awb-caption-title-letter-spacing:var(--h2_typography-letter-spacing);\"><span class=\" fusion-imageframe imageframe-none imageframe-1 hover-type-none\"><img decoding=\"async\" width=\"1104\" height=\"1200\" title=\"20241009_104923\" src=\"https:\/\/projektit.gtk.fi\/geoenergialoikka\/wp-content\/uploads\/sites\/33\/2025\/03\/20241009_104923-scaled-e1740988864755-1104x1200.jpg\" alt class=\"img-responsive wp-image-2456\" srcset=\"https:\/\/projektit.gtk.fi\/geoenergialoikka\/wp-content\/uploads\/sites\/33\/2025\/03\/20241009_104923-scaled-e1740988864755-200x217.jpg 200w, https:\/\/projektit.gtk.fi\/geoenergialoikka\/wp-content\/uploads\/sites\/33\/2025\/03\/20241009_104923-scaled-e1740988864755-400x435.jpg 400w, https:\/\/projektit.gtk.fi\/geoenergialoikka\/wp-content\/uploads\/sites\/33\/2025\/03\/20241009_104923-scaled-e1740988864755-600x652.jpg 600w, https:\/\/projektit.gtk.fi\/geoenergialoikka\/wp-content\/uploads\/sites\/33\/2025\/03\/20241009_104923-scaled-e1740988864755-800x870.jpg 800w, https:\/\/projektit.gtk.fi\/geoenergialoikka\/wp-content\/uploads\/sites\/33\/2025\/03\/20241009_104923-scaled-e1740988864755-1200x1305.jpg 1200w\" sizes=\"(max-width: 960px) 100vw, 800px\" \/><\/span><\/div><\/div><\/div><\/div><\/div>\n","protected":false},"excerpt":{"rendered":"","protected":false},"author":20,"featured_media":0,"parent":0,"menu_order":0,"comment_status":"closed","ping_status":"closed","template":"","meta":{"_acf_changed":false,"_relevanssi_hide_post":"","_relevanssi_hide_content":"","_relevanssi_pin_for_all":"","_relevanssi_pin_keywords":"","_relevanssi_unpin_keywords":"","_relevanssi_related_keywords":"","_relevanssi_related_include_ids":"","_relevanssi_related_exclude_ids":"","_relevanssi_related_no_append":"","_relevanssi_related_not_related":"","_relevanssi_related_posts":"","_relevanssi_noindex_reason":"","inline_featured_image":false,"footnotes":""},"class_list":["post-2455","page","type-page","status-publish","hentry"],"acf":[],"lang":false,"translations":[],"_links":{"self":[{"href":"https:\/\/projektit.gtk.fi\/geoenergialoikka\/wp-json\/wp\/v2\/pages\/2455","targetHints":{"allow":["GET"]}}],"collection":[{"href":"https:\/\/projektit.gtk.fi\/geoenergialoikka\/wp-json\/wp\/v2\/pages"}],"about":[{"href":"https:\/\/projektit.gtk.fi\/geoenergialoikka\/wp-json\/wp\/v2\/types\/page"}],"author":[{"embeddable":true,"href":"https:\/\/projektit.gtk.fi\/geoenergialoikka\/wp-json\/wp\/v2\/users\/20"}],"replies":[{"embeddable":true,"href":"https:\/\/projektit.gtk.fi\/geoenergialoikka\/wp-json\/wp\/v2\/comments?post=2455"}],"version-history":[{"count":3,"href":"https:\/\/projektit.gtk.fi\/geoenergialoikka\/wp-json\/wp\/v2\/pages\/2455\/revisions"}],"predecessor-version":[{"id":2459,"href":"https:\/\/projektit.gtk.fi\/geoenergialoikka\/wp-json\/wp\/v2\/pages\/2455\/revisions\/2459"}],"wp:attachment":[{"href":"https:\/\/projektit.gtk.fi\/geoenergialoikka\/wp-json\/wp\/v2\/media?parent=2455"}],"curies":[{"name":"wp","href":"https:\/\/api.w.org\/{rel}","templated":true}]}}